{"id":2,"date":"2015-03-18T11:49:26","date_gmt":"2015-03-18T11:49:26","guid":{"rendered":"http:\/\/www.elebet.fi\/wp\/?page_id=2"},"modified":"2025-03-06T13:52:12","modified_gmt":"2025-03-06T11:52:12","slug":"esimerkkisivu","status":"publish","type":"page","link":"https:\/\/www.elebet.fi\/","title":{"rendered":"ETUSIVU"},"content":{"rendered":"\n<p><\/p>\n\n\n\n<p><\/p>\n\n\n\n<h2 class=\"wp-block-heading has-text-align-center\"><strong>Elebet Oy \u2013 Betonielementtien vahva osaaja jo 50 vuotta!<\/strong><\/h2>\n\n\n\n<p>&nbsp; <\/p>\n\n\n\n<p class=\"has-text-align-center\"><strong>Elebet Oy on betonielementtien valmistuksen kokenut ammattilainen. Olemme toimineet Pomarkussa jo vuodesta 1974, ja vuosikymmenten aikana rakentuneet perinteet ja osaaminen n\u00e4kyv\u00e4t jokaisessa elementiss\u00e4mme.<\/strong><\/p>\n\n\n\n<p>&nbsp; <\/p>\n\n\n\n<hr class=\"wp-block-separator has-alpha-channel-opacity\"\/>\n\n\n\n<p><\/p>\n\n\n\n<div class=\"wp-block-media-text is-stacked-on-mobile is-vertically-aligned-top\" style=\"grid-template-columns:32% auto\"><figure class=\"wp-block-media-text__media\"><img loading=\"lazy\" decoding=\"async\" width=\"430\" height=\"825\" src=\"https:\/\/www.elebet.fi\/wp-content\/uploads\/2025\/03\/talo2.png\" alt=\"\" class=\"wp-image-679 size-full\" srcset=\"https:\/\/www.elebet.fi\/wp-content\/uploads\/2025\/03\/talo2.png 430w, https:\/\/www.elebet.fi\/wp-content\/uploads\/2025\/03\/talo2-156x300.png 156w\" sizes=\"auto, (max-width: 430px) 100vw, 430px\" \/><\/figure><div class=\"wp-block-media-text__content\">\n<h3 class=\"wp-block-heading has-text-align-left\">Pitk\u00e4 historia<\/h3>\n\n\n\n<p class=\"has-text-align-left\">Tehtaamme pitk\u00e4 historia kertoo sitoutumisesta laatuun ja ammattitaitoon. Yritys on p\u00e4\u00e4osin ollut saman perheen omistuksessa, ja ty\u00f6ntekij\u00e4mme ovat todellisia alan konkareita \u2013 moni heist\u00e4 on ollut mukana jo kymmeni\u00e4 vuosia. T\u00e4m\u00e4 takaa asiakkaillemme luotettavan ja sujuvan yhteisty\u00f6n.<\/p>\n\n\n\n<p><\/p>\n\n\n\n<h3 class=\"wp-block-heading has-text-align-left\">Vahva Kumppani<\/h3>\n\n\n\n<p class=\"has-text-align-left\">Palvelemme sek\u00e4 suuria ett\u00e4 pieni\u00e4 rakennusliikkeit\u00e4 kaikkialla Suomessa. Olemme toimittaneet korkealaatuisia betonielementtej\u00e4 vaativiinkin kohteisiin, kuten <strong>Tammelan Stadioniin<\/strong>. Suurimmat toimittamamme elementit ovat jopa <strong>19t <\/strong>\u2013 meill\u00e4 isotkaan haasteet eiv\u00e4t ole ongelma!<\/p>\n\n\n\n<p class=\"has-text-align-left\">Elebet Oy toimii nykyisell\u00e4 nimell\u00e4\u00e4n vuodesta 1998 l\u00e4htien ja kuuluu <strong>Kiwa Inspecta Sertifiointi Oy:n laadunvalvonnan piiriin<\/strong>, mik\u00e4 takaa tuotteidemme korkean laadun.<\/p>\n\n\n\n<p class=\"has-text-align-left\">Ota yhteytt\u00e4 \u2013 toimitamme betonielementit nopeasti ja luotettavasti valmiiden suunnitelmien pohjalta.<\/p>\n<\/div><\/div>\n","protected":false},"excerpt":{"rendered":"<p>Elebet Oy \u2013 Betonielementtien vahva osaaja jo 50 vuotta! &nbsp; Elebet Oy on betonielementtien valmistuksen kokenut ammattilainen. Olemme toimineet Pomarkussa jo vuodesta 1974, ja vuosikymmenten aikana rakentuneet perinteet ja osaaminen n\u00e4kyv\u00e4t jokaisessa elementiss\u00e4mme. &nbsp; Pitk\u00e4 historia Tehtaamme pitk\u00e4 historia kertoo sitoutumisesta laatuun ja ammattitaitoon. Yritys on p\u00e4\u00e4osin ollut saman perheen omistuksessa, ja ty\u00f6ntekij\u00e4mme ovat todellisia<\/p><\/div>\n<div class=\"blog-btn\"><a href=\"https:\/\/www.elebet.fi\/\" class=\"home-blog-btn\">Lue lis\u00e4\u00e4<\/a><\/p>\n","protected":false},"author":1,"featured_media":673,"parent":0,"menu_order":0,"comment_status":"closed","ping_status":"closed","template":"","meta":{"footnotes":""},"class_list":["post-2","page","type-page","status-publish","has-post-thumbnail","hentry"],"_links":{"self":[{"href":"https:\/\/www.elebet.fi\/index.php?rest_route=\/wp\/v2\/pages\/2","targetHints":{"allow":["GET"]}}],"collection":[{"href":"https:\/\/www.elebet.fi\/index.php?rest_route=\/wp\/v2\/pages"}],"about":[{"href":"https:\/\/www.elebet.fi\/index.php?rest_route=\/wp\/v2\/types\/page"}],"author":[{"embeddable":true,"href":"https:\/\/www.elebet.fi\/index.php?rest_route=\/wp\/v2\/users\/1"}],"replies":[{"embeddable":true,"href":"https:\/\/www.elebet.fi\/index.php?rest_route=%2Fwp%2Fv2%2Fcomments&post=2"}],"version-history":[{"count":52,"href":"https:\/\/www.elebet.fi\/index.php?rest_route=\/wp\/v2\/pages\/2\/revisions"}],"predecessor-version":[{"id":693,"href":"https:\/\/www.elebet.fi\/index.php?rest_route=\/wp\/v2\/pages\/2\/revisions\/693"}],"wp:featuredmedia":[{"embeddable":true,"href":"https:\/\/www.elebet.fi\/index.php?rest_route=\/wp\/v2\/media\/673"}],"wp:attachment":[{"href":"https:\/\/www.elebet.fi\/index.php?rest_route=%2Fwp%2Fv2%2Fmedia&parent=2"}],"curies":[{"name":"wp","href":"https:\/\/api.w.org\/{rel}","templated":true}]}}