{"id":23,"date":"2015-03-23T14:10:49","date_gmt":"2015-03-23T12:10:49","guid":{"rendered":"http:\/\/www.elebet.fi\/wp\/?page_id=23"},"modified":"2024-01-17T08:08:37","modified_gmt":"2024-01-17T06:08:37","slug":"muottikalusto","status":"publish","type":"page","link":"https:\/\/www.elebet.fi\/?page_id=23","title":{"rendered":"MUOTTIKALUSTO"},"content":{"rendered":"<p style=\"text-align: justify; background: white;\">Muottikalustomme mahdollistaa monipuolisten elementtien valmistamisen.<\/p>\n<p style=\"text-align: justify; background: white;\">12 v\u00e4lin patterimuotilla voidaan valmistaa pystyvaluun soveltuvia elementtej\u00e4, joiden maksimikoko on leveydelt\u00e4\u00e4n 7,0 m, korkeudeltaan 3,0 metri\u00e4 ja halkaisijaltaan jopa 300 mm.<\/p>\n<p style=\"text-align: justify; background: white;\">Ter\u00e4ksisi\u00e4 k\u00e4\u00e4nt\u00f6muotteja on 12 kappaletta, joista kolme on muutettavissa tiilirasterille tai muulle erikoispinnalle.\u00a0P\u00e4\u00e4osa muoteista on 3,2 metri\u00e4 korkeita, mutta kolmella muotilla pystyt\u00e4\u00e4n valmistamaan elementtej\u00e4 joiden korkeus on 3,8-4,0 metri\u00e4.<\/p>\n<p style=\"text-align: justify; background: white;\">Puisia valupetej\u00e4 erilaisille laatoille, pilareille ja palkeille sek\u00e4 hissikuiluille on kuusi kappaletta.<\/p>\n","protected":false},"excerpt":{"rendered":"<p>Muottikalustomme mahdollistaa monipuolisten elementtien valmistamisen. 12 v\u00e4lin patterimuotilla voidaan valmistaa pystyvaluun soveltuvia elementtej\u00e4, joiden maksimikoko on leveydelt\u00e4\u00e4n 7,0 m, korkeudeltaan 3,0 metri\u00e4 ja halkaisijaltaan jopa 300 mm. Ter\u00e4ksisi\u00e4 k\u00e4\u00e4nt\u00f6muotteja on 12 kappaletta, joista kolme on muutettavissa tiilirasterille tai muulle erikoispinnalle.\u00a0P\u00e4\u00e4osa muoteista on 3,2 metri\u00e4 korkeita, mutta kolmella muotilla pystyt\u00e4\u00e4n valmistamaan elementtej\u00e4 joiden korkeus on 3,8-4,0<\/p><\/div>\n<div class=\"blog-btn\"><a href=\"https:\/\/www.elebet.fi\/?page_id=23\" class=\"home-blog-btn\">Lue lis\u00e4\u00e4<\/a><\/p>\n","protected":false},"author":1,"featured_media":0,"parent":2,"menu_order":0,"comment_status":"closed","ping_status":"closed","template":"","meta":{"footnotes":""},"class_list":["post-23","page","type-page","status-publish","hentry"],"_links":{"self":[{"href":"https:\/\/www.elebet.fi\/index.php?rest_route=\/wp\/v2\/pages\/23","targetHints":{"allow":["GET"]}}],"collection":[{"href":"https:\/\/www.elebet.fi\/index.php?rest_route=\/wp\/v2\/pages"}],"about":[{"href":"https:\/\/www.elebet.fi\/index.php?rest_route=\/wp\/v2\/types\/page"}],"author":[{"embeddable":true,"href":"https:\/\/www.elebet.fi\/index.php?rest_route=\/wp\/v2\/users\/1"}],"replies":[{"embeddable":true,"href":"https:\/\/www.elebet.fi\/index.php?rest_route=%2Fwp%2Fv2%2Fcomments&post=23"}],"version-history":[{"count":6,"href":"https:\/\/www.elebet.fi\/index.php?rest_route=\/wp\/v2\/pages\/23\/revisions"}],"predecessor-version":[{"id":260,"href":"https:\/\/www.elebet.fi\/index.php?rest_route=\/wp\/v2\/pages\/23\/revisions\/260"}],"up":[{"embeddable":true,"href":"https:\/\/www.elebet.fi\/index.php?rest_route=\/wp\/v2\/pages\/2"}],"wp:attachment":[{"href":"https:\/\/www.elebet.fi\/index.php?rest_route=%2Fwp%2Fv2%2Fmedia&parent=23"}],"curies":[{"name":"wp","href":"https:\/\/api.w.org\/{rel}","templated":true}]}}