{"id":341,"date":"2017-04-05T13:36:06","date_gmt":"2017-04-05T10:36:06","guid":{"rendered":"http:\/\/www.elebet.fi\/?page_id=341"},"modified":"2024-01-24T09:53:09","modified_gmt":"2024-01-24T07:53:09","slug":"2017-2","status":"publish","type":"page","link":"https:\/\/www.elebet.fi\/?page_id=341","title":{"rendered":"2017"},"content":{"rendered":"\n<figure class=\"wp-block-table is-style-stripes\"><table><tbody><tr><td><span style=\"text-decoration: underline;\"><strong>REFERENSSILUETTELO<\/strong><\/span><\/td><td><\/td><td><\/td><td><\/td><\/tr><tr><td colspan=\"2\"><\/td><td><\/td><td><\/td><\/tr><tr><td><\/td><td><\/td><td><\/td><td><\/td><\/tr><tr><td><strong>KOHDE<\/strong><\/td><td><strong>TILAAJA<\/strong><\/td><td><strong>KUVAUS ELEMENTEIST\u00c4<\/strong><\/td><td><strong>NELI\u00d6M\u00c4\u00c4R\u00c4<\/strong><\/td><\/tr><tr><td>Johannes<\/td><td>YIT-Rakennus Oy<\/td><td>Julkisivut<\/td><td>2 700<\/td><\/tr><tr><td>Kaunotar<\/td><td>SRV-Pirkanmaa<\/td><td>Julkisivut<\/td><td>3 750<\/td><\/tr><tr><td>Kulkuri<\/td><td>SRV-Pirkanmaa<\/td><td>Julkisivut<\/td><td>3 000<\/td><\/tr><tr><td>Joukahainen<\/td><td>Lemmink\u00e4inen<\/td><td>Kokonaistoimitus<\/td><td>3 100<\/td><\/tr><tr><td>Gneissi<\/td><td>YIT-Rakennus Oy<\/td><td>Julkisivut<\/td><td>800<\/td><\/tr><tr><td>TA-Asumisoikeus<\/td><td>YIT-Rakennus Oy<\/td><td>Julkisivut<\/td><td>800<\/td><\/tr><\/tbody><\/table><\/figure>\n","protected":false},"excerpt":{"rendered":"<p>REFERENSSILUETTELO KOHDE TILAAJA KUVAUS ELEMENTEIST\u00c4 NELI\u00d6M\u00c4\u00c4R\u00c4 Johannes YIT-Rakennus Oy Julkisivut 2 700 Kaunotar SRV-Pirkanmaa Julkisivut 3 750 Kulkuri SRV-Pirkanmaa Julkisivut 3 000 Joukahainen Lemmink\u00e4inen Kokonaistoimitus 3 100 Gneissi YIT-Rakennus Oy Julkisivut 800 TA-Asumisoikeus YIT-Rakennus Oy Julkisivut 800<\/p>\n","protected":false},"author":1,"featured_media":0,"parent":0,"menu_order":0,"comment_status":"closed","ping_status":"closed","template":"","meta":{"footnotes":""},"class_list":["post-341","page","type-page","status-publish","hentry"],"_links":{"self":[{"href":"https:\/\/www.elebet.fi\/index.php?rest_route=\/wp\/v2\/pages\/341","targetHints":{"allow":["GET"]}}],"collection":[{"href":"https:\/\/www.elebet.fi\/index.php?rest_route=\/wp\/v2\/pages"}],"about":[{"href":"https:\/\/www.elebet.fi\/index.php?rest_route=\/wp\/v2\/types\/page"}],"author":[{"embeddable":true,"href":"https:\/\/www.elebet.fi\/index.php?rest_route=\/wp\/v2\/users\/1"}],"replies":[{"embeddable":true,"href":"https:\/\/www.elebet.fi\/index.php?rest_route=%2Fwp%2Fv2%2Fcomments&post=341"}],"version-history":[{"count":4,"href":"https:\/\/www.elebet.fi\/index.php?rest_route=\/wp\/v2\/pages\/341\/revisions"}],"predecessor-version":[{"id":628,"href":"https:\/\/www.elebet.fi\/index.php?rest_route=\/wp\/v2\/pages\/341\/revisions\/628"}],"wp:attachment":[{"href":"https:\/\/www.elebet.fi\/index.php?rest_route=%2Fwp%2Fv2%2Fmedia&parent=341"}],"curies":[{"name":"wp","href":"https:\/\/api.w.org\/{rel}","templated":true}]}}