{"id":376,"date":"2018-11-27T08:16:58","date_gmt":"2018-11-27T06:16:58","guid":{"rendered":"http:\/\/www.elebet.fi\/?page_id=376"},"modified":"2024-01-24T09:53:40","modified_gmt":"2024-01-24T07:53:40","slug":"2018-2","status":"publish","type":"page","link":"https:\/\/www.elebet.fi\/?page_id=376","title":{"rendered":"2018"},"content":{"rendered":"\n<figure class=\"wp-block-table is-style-stripes\"><table><tbody><tr><td><strong>REFERENSSILUETTELO<\/strong><\/td><td><\/td><td><\/td><td><\/td><\/tr><tr><td><\/td><td><\/td><td><\/td><td><\/td><\/tr><tr><td><\/td><td><\/td><td><\/td><td><\/td><\/tr><tr><td><strong>KOHDE<\/strong><\/td><td><strong>TILAAJA<\/strong><\/td><td><strong>KUVAUS ELEMENTEIST\u00c4<\/strong><\/td><td><strong>NELI\u00d6M\u00c4\u00c4R\u00c4<\/strong><\/td><\/tr><tr><td>Johannes<\/td><td>YIT-Rakennus Oy<\/td><td>Julkisivut<\/td><td>2 700<\/td><\/tr><tr><td>Kaunotar<\/td><td>SRV-Pirkanmaa<\/td><td>Julkisivut<\/td><td>3 750<\/td><\/tr><tr><td>Kulkuri<\/td><td>SRV-Pirkanmaa<\/td><td>Julkisivut<\/td><td>3 000<\/td><\/tr><tr><td>Joukahainen<\/td><td>Lemmink\u00e4inen<\/td><td>Kokonaistoimitus<\/td><td>3 100<\/td><\/tr><tr><td>Gneissi<\/td><td>YIT-Rakennus Oy<\/td><td>Julkisivut<\/td><td>800<\/td><\/tr><tr><td>TA-Asumisoikeus<\/td><td>YIT-Rakennus Oy<\/td><td>Julkisivut<\/td><td>800<\/td><\/tr><tr><td>Opaali Autohalli<\/td><td>YIT-Rakennus Oy Kuopio<\/td><td>Julkisivut<\/td><td>900<\/td><\/tr><tr><td>Valkeakosken paloasema<\/td><td>Rakennustoimisto J. Malm<\/td><td>Julkisivut<\/td><td>1000<\/td><\/tr><tr><td>Meri-Porin Yhten\u00e4iskoulun laajennus<\/td><td>MVR-Yhtym\u00e4 Oy<\/td><td>Julkisivut<\/td><td>500<\/td><\/tr><tr><td>It\u00e4-Porin Oppimis- ja liikuntakeskus A-osa<\/td><td>MVR-Yhtym\u00e4 Oy<\/td><td>Kokonaistoimitus <\/td><td>2600<\/td><\/tr><tr><td>It\u00e4-Porin Oppimis- ja liikuntakeskus B-osa<\/td><td>MVR-Yhtym\u00e4 Oy<\/td><td>Kokonaistoimitus <\/td><td>3400<\/td><\/tr><tr><td>It\u00e4-Porin Oppimis- ja liikuntakeskus C-osa<\/td><td>MVR-Yhtym\u00e4 Oy<\/td><td>Kokonaistoimitus <\/td><td>1500<\/td><\/tr><tr><td>VTS-Riipuksenkatu 2-3<\/td><td>Jatke Oy Pirkanmaa<\/td><td>Julkisivut<\/td><td>6800<\/td><\/tr><tr><td>Perkkaa\/Ilmarinen Runoratsunkatu<\/td><td>Lujatalo Oy <\/td><td>Julkisivut<\/td><td>4000<\/td><\/tr><tr><td>Puutarhakadun Keidas<\/td><td>Visura Oy <\/td><td>Kokonaistoimitus<\/td><td>3500<\/td><\/tr><tr><td>Nurmij\u00e4rven Vaskom\u00e4entie<\/td><td>YIT-Rakennus Oy<\/td><td>Graafiset<\/td><td>800<\/td><\/tr><tr><td>Tietoraitti 4<\/td><td>YIT Rakennus Oy<\/td><td>Valkoiset julkisivut<\/td><td>1150<\/td><\/tr><tr><td>Niemenrannan Ruislintu A<\/td><td>YIT-Rakennus Oy<\/td><td>Julkisivut<\/td><td>1600<\/td><\/tr><tr><td>Niemenrannan Ruislintu B<\/td><td>YIT-Rakennus Oy<\/td><td>Julkisivut<\/td><td>1600<\/td><\/tr><tr><td>Niemenrannan Vanamo<\/td><td>YIT-Rakennus Oy<\/td><td>Julkisivut<\/td><td>1500<\/td><\/tr><tr><td>Niemenrannan Duetto<\/td><td>YIT-Rakennus Oy<\/td><td>Julkisivut<\/td><td>2600<\/td><\/tr><tr><td>Niemenrannan Menuetti<\/td><td>YIT-Rakennus Oy<\/td><td>Julkisivut<\/td><td>3400<\/td><\/tr><tr><td>Koipitaipaleenkatu<\/td><td>Tikirak Oy<\/td><td>Kokonaistoimitus<\/td><td>4724<\/td><\/tr><tr><td>Pekaani<\/td><td>SRV Pirkanmaa<\/td><td>Julkisivut<\/td><td>1800<\/td><\/tr><tr><td>P\u00e4hkin\u00e4puisto<\/td><td>SRV Pirkanmaa<\/td><td>Julkisivut<\/td><td>1800<\/td><\/tr><tr><td>Kompassi<\/td><td>YIT Rakennus Oy<\/td><td>Julkisivut<\/td><td>960<\/td><\/tr><tr><td>Nuorisos\u00e4\u00e4ti\u00f6<\/td><td>MVR-Yhtym\u00e4 Oy<\/td><td>Kokonaistoimitus<\/td><td>5090<\/td><\/tr><tr><td>Paarma<\/td><td>Skanska Talonrakennus Oy<\/td><td>Parvekelaatat<\/td><td>380<\/td><\/tr><tr><td>Kamreeri<\/td><td>YIT-Rakennus Oy Tampere<\/td><td>Julkisivut<\/td><td>2140<\/td><\/tr><tr><td>Wilhelm<\/td><td>YIT-Rakennus Oy Tampere<\/td><td>Sokkelit, parvekelaatat<\/td><td>840<\/td><\/tr><tr><td>Karjarannan senioritalo<\/td><td>Hartela Oy Pori<\/td><td>Julkisivut<\/td><td>910<\/td><\/tr><tr><td>Isom\u00e4en J\u00e4\u00e4halli 2-vaihe<\/td><td>MVR-Yhtym\u00e4 Pori<\/td><td>Julkisivut, v\u00e4lisein\u00e4t <\/td><td>530<\/td><\/tr><tr><td>As. Oy Porin Ainotar<\/td><td>Lemmink\u00e4inen <\/td><td>Kokonaistoimitus <\/td><td>3500<\/td><\/tr><tr><td>As. Oy Tampereen torikulma<\/td><td>Visura Oy<\/td><td>Kokonaistoimitus<\/td><td>5500<\/td><\/tr><tr><td>Kaarisillan koulu<\/td><td>MVR-Yhtym\u00e4 Pori<\/td><td>Kokkonaistoimitus<\/td><td>2640<\/td><\/tr><tr><td>Niemenrannan Kaskisavu<\/td><td>YIT-Rakennus Oy<\/td><td>Julkisivut<\/td><td>1797<\/td><\/tr><tr><td>Niemenrannan T\u00e4hk\u00e4p\u00e4\u00e4<\/td><td>YIT-Rakennus Oy<\/td><td>Julkisivut<\/td><td>1792<\/td><\/tr><tr><td>Niemenrannan Onnenkulta<\/td><td>YIT-Rakennus Oy<\/td><td>Julkisivut<\/td><td>1792<\/td><\/tr><tr><td>Niemenrannan Virvatuli<\/td><td>YIT-Rakennus Oy<\/td><td>Julkisivut<\/td><td>1790<\/td><\/tr><\/tbody><\/table><\/figure>\n","protected":false},"excerpt":{"rendered":"<p>REFERENSSILUETTELO KOHDE TILAAJA KUVAUS ELEMENTEIST\u00c4 NELI\u00d6M\u00c4\u00c4R\u00c4 Johannes YIT-Rakennus Oy Julkisivut 2 700 Kaunotar SRV-Pirkanmaa Julkisivut 3 750 Kulkuri SRV-Pirkanmaa Julkisivut 3 000 Joukahainen Lemmink\u00e4inen Kokonaistoimitus 3 100 Gneissi YIT-Rakennus Oy Julkisivut 800 TA-Asumisoikeus YIT-Rakennus Oy Julkisivut 800 Opaali Autohalli YIT-Rakennus Oy Kuopio Julkisivut 900 Valkeakosken paloasema Rakennustoimisto J. Malm Julkisivut 1000 Meri-Porin Yhten\u00e4iskoulun laajennus MVR-Yhtym\u00e4<\/p><\/div>\n<div class=\"blog-btn\"><a href=\"https:\/\/www.elebet.fi\/?page_id=376\" class=\"home-blog-btn\">Lue lis\u00e4\u00e4<\/a><\/p>\n","protected":false},"author":1,"featured_media":0,"parent":0,"menu_order":0,"comment_status":"closed","ping_status":"closed","template":"","meta":{"footnotes":""},"class_list":["post-376","page","type-page","status-publish","hentry"],"_links":{"self":[{"href":"https:\/\/www.elebet.fi\/index.php?rest_route=\/wp\/v2\/pages\/376","targetHints":{"allow":["GET"]}}],"collection":[{"href":"https:\/\/www.elebet.fi\/index.php?rest_route=\/wp\/v2\/pages"}],"about":[{"href":"https:\/\/www.elebet.fi\/index.php?rest_route=\/wp\/v2\/types\/page"}],"author":[{"embeddable":true,"href":"https:\/\/www.elebet.fi\/index.php?rest_route=\/wp\/v2\/users\/1"}],"replies":[{"embeddable":true,"href":"https:\/\/www.elebet.fi\/index.php?rest_route=%2Fwp%2Fv2%2Fcomments&post=376"}],"version-history":[{"count":6,"href":"https:\/\/www.elebet.fi\/index.php?rest_route=\/wp\/v2\/pages\/376\/revisions"}],"predecessor-version":[{"id":629,"href":"https:\/\/www.elebet.fi\/index.php?rest_route=\/wp\/v2\/pages\/376\/revisions\/629"}],"wp:attachment":[{"href":"https:\/\/www.elebet.fi\/index.php?rest_route=%2Fwp%2Fv2%2Fmedia&parent=376"}],"curies":[{"name":"wp","href":"https:\/\/api.w.org\/{rel}","templated":true}]}}