{"id":38,"date":"2015-03-23T14:16:21","date_gmt":"2015-03-23T12:16:21","guid":{"rendered":"http:\/\/www.elebet.fi\/wp\/?page_id=38"},"modified":"2024-01-17T08:08:52","modified_gmt":"2024-01-17T06:08:52","slug":"logistiikka-2","status":"publish","type":"page","link":"https:\/\/www.elebet.fi\/?page_id=38","title":{"rendered":"LOGISTIIKKA"},"content":{"rendered":"<p style=\"text-align: justify; background: white;\">Siirrot ja lastaus tehtaan tiloissa tehd\u00e4\u00e4n kahdella siltanosturilla, joista toisen kapasiteetti on 20 tonnia ja toisen 10 tonnia. P\u00e4\u00e4osa lastauksista tehd\u00e4\u00e4n ulkona olevalla Betox 150 torninosturilla.<\/p>\n<p style=\"text-align: justify; background: white;\">Kuljetukset on ulkoistettu kankaanp\u00e4\u00e4l\u00e4iselle <a href=\"http:\/\/www.isoviita.com\/\" target=\"_blank\" rel=\"noopener\">Kuljetus Isoviita Oy<\/a>:lle.\u00a0Isoviidan kuljettajat ovat motivoituneet palvelemaan Elebetin asiakkaita hyvill\u00e4 mielin s\u00e4\u00e4ll\u00e4 kuin s\u00e4\u00e4ll\u00e4.<\/p>\n","protected":false},"excerpt":{"rendered":"<p>Siirrot ja lastaus tehtaan tiloissa tehd\u00e4\u00e4n kahdella siltanosturilla, joista toisen kapasiteetti on 20 tonnia ja toisen 10 tonnia. P\u00e4\u00e4osa lastauksista tehd\u00e4\u00e4n ulkona olevalla Betox 150 torninosturilla. Kuljetukset on ulkoistettu kankaanp\u00e4\u00e4l\u00e4iselle Kuljetus Isoviita Oy:lle.\u00a0Isoviidan kuljettajat ovat motivoituneet palvelemaan Elebetin asiakkaita hyvill\u00e4 mielin s\u00e4\u00e4ll\u00e4 kuin s\u00e4\u00e4ll\u00e4.<\/p>\n","protected":false},"author":1,"featured_media":0,"parent":2,"menu_order":0,"comment_status":"closed","ping_status":"closed","template":"","meta":{"footnotes":""},"class_list":["post-38","page","type-page","status-publish","hentry"],"_links":{"self":[{"href":"https:\/\/www.elebet.fi\/index.php?rest_route=\/wp\/v2\/pages\/38","targetHints":{"allow":["GET"]}}],"collection":[{"href":"https:\/\/www.elebet.fi\/index.php?rest_route=\/wp\/v2\/pages"}],"about":[{"href":"https:\/\/www.elebet.fi\/index.php?rest_route=\/wp\/v2\/types\/page"}],"author":[{"embeddable":true,"href":"https:\/\/www.elebet.fi\/index.php?rest_route=\/wp\/v2\/users\/1"}],"replies":[{"embeddable":true,"href":"https:\/\/www.elebet.fi\/index.php?rest_route=%2Fwp%2Fv2%2Fcomments&post=38"}],"version-history":[{"count":7,"href":"https:\/\/www.elebet.fi\/index.php?rest_route=\/wp\/v2\/pages\/38\/revisions"}],"predecessor-version":[{"id":384,"href":"https:\/\/www.elebet.fi\/index.php?rest_route=\/wp\/v2\/pages\/38\/revisions\/384"}],"up":[{"embeddable":true,"href":"https:\/\/www.elebet.fi\/index.php?rest_route=\/wp\/v2\/pages\/2"}],"wp:attachment":[{"href":"https:\/\/www.elebet.fi\/index.php?rest_route=%2Fwp%2Fv2%2Fmedia&parent=38"}],"curies":[{"name":"wp","href":"https:\/\/api.w.org\/{rel}","templated":true}]}}