{"id":53,"date":"2015-03-26T08:46:11","date_gmt":"2015-03-26T06:46:11","guid":{"rendered":"http:\/\/www.elebet.fi\/wp\/?page_id=53"},"modified":"2024-01-17T07:55:01","modified_gmt":"2024-01-17T05:55:01","slug":"elementtityypit","status":"publish","type":"page","link":"https:\/\/www.elebet.fi\/?page_id=53","title":{"rendered":"ELEMENTTITYYPIT"},"content":{"rendered":"<p><span style=\"text-decoration: underline;\">Valmistamme seuraavia elementtej\u00e4<\/span><\/p>\n<ul>\n<li>v\u00e4lisein\u00e4t<\/li>\n<li>sis\u00e4kuoret, my\u00f6s eristeell\u00e4<\/li>\n<li>sandwich (harmaa, tiili, v\u00e4rilliset, graafinen)<\/li>\n<li>parvekepielet<\/li>\n<li>parvekkeet<\/li>\n<li>massiivilaatat<\/li>\n<li>pilarit<\/li>\n<li>palkit<\/li>\n<li>sokkelit<\/li>\n<\/ul>\n","protected":false},"excerpt":{"rendered":"<p>Valmistamme seuraavia elementtej\u00e4 v\u00e4lisein\u00e4t sis\u00e4kuoret, my\u00f6s eristeell\u00e4 sandwich (harmaa, tiili, v\u00e4rilliset, graafinen) parvekepielet parvekkeet massiivilaatat pilarit palkit sokkelit<\/p>\n","protected":false},"author":1,"featured_media":0,"parent":21,"menu_order":0,"comment_status":"closed","ping_status":"closed","template":"","meta":{"footnotes":""},"class_list":["post-53","page","type-page","status-publish","hentry"],"_links":{"self":[{"href":"https:\/\/www.elebet.fi\/index.php?rest_route=\/wp\/v2\/pages\/53","targetHints":{"allow":["GET"]}}],"collection":[{"href":"https:\/\/www.elebet.fi\/index.php?rest_route=\/wp\/v2\/pages"}],"about":[{"href":"https:\/\/www.elebet.fi\/index.php?rest_route=\/wp\/v2\/types\/page"}],"author":[{"embeddable":true,"href":"https:\/\/www.elebet.fi\/index.php?rest_route=\/wp\/v2\/users\/1"}],"replies":[{"embeddable":true,"href":"https:\/\/www.elebet.fi\/index.php?rest_route=%2Fwp%2Fv2%2Fcomments&post=53"}],"version-history":[{"count":5,"href":"https:\/\/www.elebet.fi\/index.php?rest_route=\/wp\/v2\/pages\/53\/revisions"}],"predecessor-version":[{"id":540,"href":"https:\/\/www.elebet.fi\/index.php?rest_route=\/wp\/v2\/pages\/53\/revisions\/540"}],"up":[{"embeddable":true,"href":"https:\/\/www.elebet.fi\/index.php?rest_route=\/wp\/v2\/pages\/21"}],"wp:attachment":[{"href":"https:\/\/www.elebet.fi\/index.php?rest_route=%2Fwp%2Fv2%2Fmedia&parent=53"}],"curies":[{"name":"wp","href":"https:\/\/api.w.org\/{rel}","templated":true}]}}