{"id":55,"date":"2015-03-26T08:46:28","date_gmt":"2015-03-26T06:46:28","guid":{"rendered":"http:\/\/www.elebet.fi\/wp\/?page_id=55"},"modified":"2024-01-17T07:53:27","modified_gmt":"2024-01-17T05:53:27","slug":"erikoiselementit","status":"publish","type":"page","link":"https:\/\/www.elebet.fi\/?page_id=55","title":{"rendered":"ERIKOISELEMENTIT"},"content":{"rendered":"<p>Erikoiselementtein\u00e4 valmistamme<\/p>\n<ul>\n<li>hissikuilut + yl\u00e4kupit sek\u00e4<\/li>\n<li>savunpoistohormit<\/li>\n<\/ul>\n","protected":false},"excerpt":{"rendered":"<p>Erikoiselementtein\u00e4 valmistamme hissikuilut + yl\u00e4kupit sek\u00e4 savunpoistohormit<\/p>\n","protected":false},"author":1,"featured_media":0,"parent":21,"menu_order":0,"comment_status":"closed","ping_status":"closed","template":"","meta":{"footnotes":""},"class_list":["post-55","page","type-page","status-publish","hentry"],"_links":{"self":[{"href":"https:\/\/www.elebet.fi\/index.php?rest_route=\/wp\/v2\/pages\/55","targetHints":{"allow":["GET"]}}],"collection":[{"href":"https:\/\/www.elebet.fi\/index.php?rest_route=\/wp\/v2\/pages"}],"about":[{"href":"https:\/\/www.elebet.fi\/index.php?rest_route=\/wp\/v2\/types\/page"}],"author":[{"embeddable":true,"href":"https:\/\/www.elebet.fi\/index.php?rest_route=\/wp\/v2\/users\/1"}],"replies":[{"embeddable":true,"href":"https:\/\/www.elebet.fi\/index.php?rest_route=%2Fwp%2Fv2%2Fcomments&post=55"}],"version-history":[{"count":2,"href":"https:\/\/www.elebet.fi\/index.php?rest_route=\/wp\/v2\/pages\/55\/revisions"}],"predecessor-version":[{"id":226,"href":"https:\/\/www.elebet.fi\/index.php?rest_route=\/wp\/v2\/pages\/55\/revisions\/226"}],"up":[{"embeddable":true,"href":"https:\/\/www.elebet.fi\/index.php?rest_route=\/wp\/v2\/pages\/21"}],"wp:attachment":[{"href":"https:\/\/www.elebet.fi\/index.php?rest_route=%2Fwp%2Fv2%2Fmedia&parent=55"}],"curies":[{"name":"wp","href":"https:\/\/api.w.org\/{rel}","templated":true}]}}