{"id":57,"date":"2015-03-26T08:46:40","date_gmt":"2015-03-26T06:46:40","guid":{"rendered":"http:\/\/www.elebet.fi\/wp\/?page_id=57"},"modified":"2024-01-24T13:10:46","modified_gmt":"2024-01-24T11:10:46","slug":"laatu","status":"publish","type":"page","link":"https:\/\/www.elebet.fi\/?page_id=57","title":{"rendered":"LAATU"},"content":{"rendered":"\n<p><\/p>\n\n\n\n<div class=\"wp-block-columns is-layout-flex wp-container-core-columns-is-layout-1 wp-block-columns-is-layout-flex\">\n<div class=\"wp-block-column is-layout-flow wp-block-column-is-layout-flow\" style=\"flex-basis:33.33%\">\n<h2 class=\"wp-block-heading has-text-align-right\">DoP<\/h2>\n\n\n\n<p class=\"has-text-align-right\"><a href=\"https:\/\/www.elebet.fi\/wp-content\/uploads\/2015\/03\/dop1.pdf\" data-type=\"link\" data-id=\"https:\/\/www.elebet.fi\/wp-content\/uploads\/2015\/03\/dop1.pdf\">Sein\u00e4elementit<\/a><\/p>\n\n\n\n<p class=\"has-text-align-right\"><a href=\"https:\/\/www.elebet.fi\/wp-content\/uploads\/2015\/03\/dop2.pdf\" data-type=\"link\" data-id=\"https:\/\/www.elebet.fi\/wp-content\/uploads\/2015\/03\/dop2.pdf\">Pilari- ja palkkielementit<\/a><\/p>\n\n\n\n<p class=\"has-text-align-right\"><a href=\"https:\/\/www.elebet.fi\/wp-content\/uploads\/2015\/03\/dop3.pdf\" data-type=\"link\" data-id=\"https:\/\/www.elebet.fi\/wp-content\/uploads\/2015\/03\/dop3.pdf\">Tukimuurielementit<\/a><\/p>\n\n\n\n<p class=\"has-text-align-right\"><a href=\"https:\/\/www.elebet.fi\/wp-content\/uploads\/2015\/03\/dop4.pdf\" data-type=\"link\" data-id=\"https:\/\/www.elebet.fi\/wp-content\/uploads\/2015\/03\/dop4.pdf\">Peruselementit<\/a><\/p>\n\n\n\n<h2 class=\"wp-block-heading has-text-align-right\">CE<\/h2>\n\n\n\n<p class=\"has-text-align-right\"><a href=\"https:\/\/www.elebet.fi\/wp-content\/uploads\/2015\/04\/Inspecta.pdf\" data-type=\"link\" data-id=\"https:\/\/www.elebet.fi\/wp-content\/uploads\/2015\/04\/Inspecta.pdf\">Todistus CE-merkinn\u00e4st\u00e4<\/a><\/p>\n\n\n\n<p class=\"has-text-align-right\"><a href=\"https:\/\/www.elebet.fi\/wp-content\/uploads\/2015\/09\/Tuotehyv%C3%A4ksynt%C3%A4.pdf\" data-type=\"link\" data-id=\"https:\/\/www.elebet.fi\/wp-content\/uploads\/2015\/09\/Tuotehyv%C3%A4ksynt%C3%A4.pdf\">Tuotehyv\u00e4ksynt\u00e4<\/a><\/p>\n\n\n\n<p class=\"has-text-align-right\"><a href=\"https:\/\/www.elebet.fi\/wp-content\/uploads\/2015\/09\/Sertifiointip%C3%A4%C3%A4t%C3%B6s.pdf\" data-type=\"link\" data-id=\"https:\/\/www.elebet.fi\/wp-content\/uploads\/2015\/09\/Sertifiointip%C3%A4%C3%A4t%C3%B6s.pdf\">Sertifiointip\u00e4\u00e4t\u00f6s<\/a><\/p>\n\n\n\n<p class=\"has-text-align-right\"><a href=\"https:\/\/www.elebet.fi\/wp-content\/uploads\/2015\/09\/Sertifikaatti.pdf\" data-type=\"link\" data-id=\"https:\/\/www.elebet.fi\/wp-content\/uploads\/2015\/09\/Sertifikaatti.pdf\">Sertifikaatti<\/a><\/p>\n<\/div>\n\n\n\n<div class=\"wp-block-column is-layout-flow wp-block-column-is-layout-flow\" style=\"flex-basis:66.66%\">\n<h2 class=\"wp-block-heading\">YHTEINEN LAATUAJATTELU<\/h2>\n\n\n\n<p>Elebet Oy:n yhteinen laatuajattelu keskittyy palvelemaan asiakkaitaan asiakkaan tarpeiden mukaan,&nbsp;panostamme toimitusvarmuuteen ja pyrimme joustamaan toimitusten suhteen tuotteiden laadusta tinkim\u00e4tt\u00e4.&nbsp;Osaavat betonialan eri-ik\u00e4iset ammattilaiset pystyv\u00e4t tekem\u00e4\u00e4n laadukkaita elementtej\u00e4 asiakkaiden tarpeisiin.<\/p>\n\n\n\n<p>Yrityksemme laatu perustuu osaavien ja pitk\u00e4aikaisten ty\u00f6ntekij\u00f6idemme osaamiseen sek\u00e4 tuhansien rakennuselementtien valmistukseen. Ty\u00f6ntekij\u00e4t ovat alusta asti olleet p\u00e4\u00e4s\u00e4\u00e4nt\u00f6isesti Satakunnasta. Varmistaaksemme yrityksen perinteiden jatkuvuuden, palkkaamme el\u00e4k\u00f6ityvien elementintekij\u00f6iden oppiin uusia elementin valmistajia.<\/p>\n\n\n\n<p>Tehtaamme on Inspecta Sertifiointi Oy:n laadunvalvonnan piiriss\u00e4.&nbsp;Inpecta Sertifiointi Oy valvoo tuotteitamme ja valmistettavat tuotteemme ovat CE-merkittyj\u00e4 kaikkien merkinn\u00e4n vaativien tuoteryhmien osalta.&nbsp;Elementtituotannon laadunvalvonta perustuu yhteisesti sovittuihin k\u00e4yt\u00e4nt\u00f6ihin, joita seurataan ja valvotaan Inspectan toimesta. CE-merkinn\u00e4n saanti velvoittaa tuotantoa tarkastamaan elementtien mitat ja laadun jo valmistusvaiheessa&nbsp;kirjaamalla tapahtumia seuranta- ja mittausp\u00f6yt\u00e4kirjoihin.&nbsp;Contesta Oy testaa tuotteemme tasokokein ja myll\u00e4rilaborantilla on itsetestausoikeus valmistettaville betonilaaduille.<\/p>\n<\/div>\n<\/div>\n","protected":false},"excerpt":{"rendered":"<p>DoP Sein\u00e4elementit Pilari- ja palkkielementit Tukimuurielementit Peruselementit CE Todistus CE-merkinn\u00e4st\u00e4 Tuotehyv\u00e4ksynt\u00e4 Sertifiointip\u00e4\u00e4t\u00f6s Sertifikaatti YHTEINEN LAATUAJATTELU Elebet Oy:n yhteinen laatuajattelu keskittyy palvelemaan asiakkaitaan asiakkaan tarpeiden mukaan,&nbsp;panostamme toimitusvarmuuteen ja pyrimme joustamaan toimitusten suhteen tuotteiden laadusta tinkim\u00e4tt\u00e4.&nbsp;Osaavat betonialan eri-ik\u00e4iset ammattilaiset pystyv\u00e4t tekem\u00e4\u00e4n laadukkaita elementtej\u00e4 asiakkaiden tarpeisiin. Yrityksemme laatu perustuu osaavien ja pitk\u00e4aikaisten ty\u00f6ntekij\u00f6idemme osaamiseen sek\u00e4 tuhansien rakennuselementtien valmistukseen.<\/p><\/div>\n<div class=\"blog-btn\"><a href=\"https:\/\/www.elebet.fi\/?page_id=57\" class=\"home-blog-btn\">Lue lis\u00e4\u00e4<\/a><\/p>\n","protected":false},"author":1,"featured_media":0,"parent":0,"menu_order":0,"comment_status":"closed","ping_status":"closed","template":"","meta":{"footnotes":""},"class_list":["post-57","page","type-page","status-publish","hentry"],"_links":{"self":[{"href":"https:\/\/www.elebet.fi\/index.php?rest_route=\/wp\/v2\/pages\/57","targetHints":{"allow":["GET"]}}],"collection":[{"href":"https:\/\/www.elebet.fi\/index.php?rest_route=\/wp\/v2\/pages"}],"about":[{"href":"https:\/\/www.elebet.fi\/index.php?rest_route=\/wp\/v2\/types\/page"}],"author":[{"embeddable":true,"href":"https:\/\/www.elebet.fi\/index.php?rest_route=\/wp\/v2\/users\/1"}],"replies":[{"embeddable":true,"href":"https:\/\/www.elebet.fi\/index.php?rest_route=%2Fwp%2Fv2%2Fcomments&post=57"}],"version-history":[{"count":27,"href":"https:\/\/www.elebet.fi\/index.php?rest_route=\/wp\/v2\/pages\/57\/revisions"}],"predecessor-version":[{"id":639,"href":"https:\/\/www.elebet.fi\/index.php?rest_route=\/wp\/v2\/pages\/57\/revisions\/639"}],"wp:attachment":[{"href":"https:\/\/www.elebet.fi\/index.php?rest_route=%2Fwp%2Fv2%2Fmedia&parent=57"}],"curies":[{"name":"wp","href":"https:\/\/api.w.org\/{rel}","templated":true}]}}