{"id":61,"date":"2015-03-26T08:47:11","date_gmt":"2015-03-26T06:47:11","guid":{"rendered":"http:\/\/www.elebet.fi\/wp\/?page_id=61"},"modified":"2024-01-24T07:09:13","modified_gmt":"2024-01-24T05:09:13","slug":"ce","status":"publish","type":"page","link":"https:\/\/www.elebet.fi\/?page_id=61","title":{"rendered":"CE"},"content":{"rendered":"\n<div class=\"wp-block-columns is-layout-flex wp-container-core-columns-is-layout-1 wp-block-columns-is-layout-flex\">\n<div class=\"wp-block-column is-layout-flow wp-block-column-is-layout-flow\" style=\"flex-basis:66.66%\">\n<p><a href=\"http:\/\/www.elebet.fi\/wp-content\/uploads\/2015\/04\/Inspecta.pdf\" target=\"_blank\" rel=\"noopener\">Todistus CE-merkinn\u00e4st\u00e4<\/a><\/p>\n\n\n\n<p><a href=\"http:\/\/www.elebet.fi\/wp-content\/uploads\/2015\/09\/Tuotehyv\u00e4ksynt\u00e4.pdf\">Tuotehyv\u00e4ksynt\u00e4<\/a><\/p>\n\n\n\n<p><a href=\"http:\/\/www.elebet.fi\/wp-content\/uploads\/2015\/09\/Sertifiointip\u00e4\u00e4t\u00f6s.pdf\">Sertifiointip\u00e4\u00e4t\u00f6s<\/a><\/p>\n\n\n\n<p><a href=\"http:\/\/www.elebet.fi\/wp-content\/uploads\/2015\/09\/Sertifikaatti.pdf\">Sertifikaatti<\/a><\/p>\n<\/div>\n\n\n\n<div class=\"wp-block-column is-layout-flow wp-block-column-is-layout-flow\" style=\"flex-basis:33.33%\">\n<figure class=\"wp-block-image size-large is-resized\"><a href=\"https:\/\/www.elebet.fi\/wp-content\/uploads\/2024\/01\/ce-marking-icon.webp\"><img loading=\"lazy\" decoding=\"async\" width=\"1024\" height=\"512\" src=\"https:\/\/www.elebet.fi\/wp-content\/uploads\/2024\/01\/ce-marking-icon-1024x512.webp\" alt=\"\" class=\"wp-image-599\" style=\"width:345px;height:auto\" srcset=\"https:\/\/www.elebet.fi\/wp-content\/uploads\/2024\/01\/ce-marking-icon-1024x512.webp 1024w, https:\/\/www.elebet.fi\/wp-content\/uploads\/2024\/01\/ce-marking-icon-300x150.webp 300w, https:\/\/www.elebet.fi\/wp-content\/uploads\/2024\/01\/ce-marking-icon-768x384.webp 768w, https:\/\/www.elebet.fi\/wp-content\/uploads\/2024\/01\/ce-marking-icon.webp 1440w\" sizes=\"auto, (max-width: 1024px) 100vw, 1024px\" \/><\/a><\/figure>\n<\/div>\n<\/div>\n\n\n\n<p><\/p>\n","protected":false},"excerpt":{"rendered":"<p>Todistus CE-merkinn\u00e4st\u00e4 Tuotehyv\u00e4ksynt\u00e4 Sertifiointip\u00e4\u00e4t\u00f6s Sertifikaatti<\/p>\n","protected":false},"author":1,"featured_media":0,"parent":57,"menu_order":0,"comment_status":"closed","ping_status":"closed","template":"","meta":{"footnotes":""},"class_list":["post-61","page","type-page","status-publish","hentry"],"_links":{"self":[{"href":"https:\/\/www.elebet.fi\/index.php?rest_route=\/wp\/v2\/pages\/61","targetHints":{"allow":["GET"]}}],"collection":[{"href":"https:\/\/www.elebet.fi\/index.php?rest_route=\/wp\/v2\/pages"}],"about":[{"href":"https:\/\/www.elebet.fi\/index.php?rest_route=\/wp\/v2\/types\/page"}],"author":[{"embeddable":true,"href":"https:\/\/www.elebet.fi\/index.php?rest_route=\/wp\/v2\/users\/1"}],"replies":[{"embeddable":true,"href":"https:\/\/www.elebet.fi\/index.php?rest_route=%2Fwp%2Fv2%2Fcomments&post=61"}],"version-history":[{"count":12,"href":"https:\/\/www.elebet.fi\/index.php?rest_route=\/wp\/v2\/pages\/61\/revisions"}],"predecessor-version":[{"id":606,"href":"https:\/\/www.elebet.fi\/index.php?rest_route=\/wp\/v2\/pages\/61\/revisions\/606"}],"up":[{"embeddable":true,"href":"https:\/\/www.elebet.fi\/index.php?rest_route=\/wp\/v2\/pages\/57"}],"wp:attachment":[{"href":"https:\/\/www.elebet.fi\/index.php?rest_route=%2Fwp%2Fv2%2Fmedia&parent=61"}],"curies":[{"name":"wp","href":"https:\/\/api.w.org\/{rel}","templated":true}]}}