{"id":650,"date":"2025-03-06T09:27:14","date_gmt":"2025-03-06T07:27:14","guid":{"rendered":"https:\/\/www.elebet.fi\/?page_id=650"},"modified":"2025-03-06T09:38:34","modified_gmt":"2025-03-06T07:38:34","slug":"2018-2-2-2","status":"publish","type":"page","link":"https:\/\/www.elebet.fi\/?page_id=650","title":{"rendered":"2019"},"content":{"rendered":"\n<figure class=\"wp-block-table is-style-stripes\"><table><tbody><tr><td><strong>REFERENSSILUETTELO<\/strong><\/td><td><\/td><td><\/td><td><\/td><\/tr><tr><td><\/td><td><\/td><td><\/td><td><\/td><\/tr><tr><td><\/td><td><\/td><td><\/td><td><\/td><\/tr><tr><td><strong>KOHDE<\/strong><\/td><td><strong>TILAAJA<\/strong><\/td><td><strong>KUVAUS ELEMENTEIST\u00c4<\/strong><\/td><td><strong>NELI\u00d6M\u00c4\u00c4R\u00c4<\/strong><\/td><\/tr><tr><td>As Oy Tampereen Sammonpiha<\/td><td>Pohjola Rakennus Oy H\u00e4me<\/td><td>Julkisivut, sokkelit, pielielementit<\/td><td>520<\/td><\/tr><tr><td>Kuninkaanpihan hoivakoti<\/td><td>Astora-Rakennus Oy<\/td><td>Kokonaistoimitus<\/td><td>3500<\/td><\/tr><tr><td>TVA-M\u00e4nnist\u00f6nraitti<\/td><td>Rakennustoimisto Pekka Kynn\u00f6s Oy<\/td><td>Julkisivut, v\u00e4lisein\u00e4t<\/td><td>3700<\/td><\/tr><tr><td>AGCO laajennus Linnavuori<\/td><td>Tikirak Oy<\/td><td>Kokonaistoimitus<\/td><td>350<\/td><\/tr><tr><td>Ompputarha Kangasala<\/td><td>Tikirak Oy<\/td><td>V\u00e4lisein\u00e4t<\/td><td>350<\/td><\/tr><tr><td>As Oy Liutun Portti<\/td><td>Visura Oy<\/td><td>Kokonaistoimitus<\/td><td>2100<\/td><\/tr><tr><td>Niemenrannan Aaria<\/td><td>YIT-Rakennus Oy, Tampere<\/td><td>Kokonaistoimitus<\/td><td>2400<\/td><\/tr><tr><td>Niemenrannan Elegia<\/td><td>YIT-Rakennus Oy, Tampere<\/td><td>Julkisivut, sokkelit ja pilarit<\/td><td>700<\/td><\/tr><\/tbody><\/table><\/figure>\n","protected":false},"excerpt":{"rendered":"<p>REFERENSSILUETTELO KOHDE TILAAJA KUVAUS ELEMENTEIST\u00c4 NELI\u00d6M\u00c4\u00c4R\u00c4 As Oy Tampereen Sammonpiha Pohjola Rakennus Oy H\u00e4me Julkisivut, sokkelit, pielielementit 520 Kuninkaanpihan hoivakoti Astora-Rakennus Oy Kokonaistoimitus 3500 TVA-M\u00e4nnist\u00f6nraitti Rakennustoimisto Pekka Kynn\u00f6s Oy Julkisivut, v\u00e4lisein\u00e4t 3700 AGCO laajennus Linnavuori Tikirak Oy Kokonaistoimitus 350 Ompputarha Kangasala Tikirak Oy V\u00e4lisein\u00e4t 350 As Oy Liutun Portti Visura Oy Kokonaistoimitus 2100 Niemenrannan Aaria<\/p><\/div>\n<div class=\"blog-btn\"><a href=\"https:\/\/www.elebet.fi\/?page_id=650\" class=\"home-blog-btn\">Lue lis\u00e4\u00e4<\/a><\/p>\n","protected":false},"author":1,"featured_media":0,"parent":0,"menu_order":0,"comment_status":"closed","ping_status":"closed","template":"","meta":{"footnotes":""},"class_list":["post-650","page","type-page","status-publish","hentry"],"_links":{"self":[{"href":"https:\/\/www.elebet.fi\/index.php?rest_route=\/wp\/v2\/pages\/650","targetHints":{"allow":["GET"]}}],"collection":[{"href":"https:\/\/www.elebet.fi\/index.php?rest_route=\/wp\/v2\/pages"}],"about":[{"href":"https:\/\/www.elebet.fi\/index.php?rest_route=\/wp\/v2\/types\/page"}],"author":[{"embeddable":true,"href":"https:\/\/www.elebet.fi\/index.php?rest_route=\/wp\/v2\/users\/1"}],"replies":[{"embeddable":true,"href":"https:\/\/www.elebet.fi\/index.php?rest_route=%2Fwp%2Fv2%2Fcomments&post=650"}],"version-history":[{"count":2,"href":"https:\/\/www.elebet.fi\/index.php?rest_route=\/wp\/v2\/pages\/650\/revisions"}],"predecessor-version":[{"id":654,"href":"https:\/\/www.elebet.fi\/index.php?rest_route=\/wp\/v2\/pages\/650\/revisions\/654"}],"wp:attachment":[{"href":"https:\/\/www.elebet.fi\/index.php?rest_route=%2Fwp%2Fv2%2Fmedia&parent=650"}],"curies":[{"name":"wp","href":"https:\/\/api.w.org\/{rel}","templated":true}]}}