{"id":652,"date":"2025-03-06T09:56:19","date_gmt":"2025-03-06T07:56:19","guid":{"rendered":"https:\/\/www.elebet.fi\/?page_id=652"},"modified":"2025-03-06T09:56:19","modified_gmt":"2025-03-06T07:56:19","slug":"2018-2-2","status":"publish","type":"page","link":"https:\/\/www.elebet.fi\/?page_id=652","title":{"rendered":"2020"},"content":{"rendered":"\n<figure class=\"wp-block-table is-style-stripes\"><table><tbody><tr><td><strong>REFERENSSILUETTELO<\/strong><\/td><td><\/td><td><\/td><td><\/td><\/tr><tr><td><\/td><td><\/td><td><\/td><td><\/td><\/tr><tr><td><\/td><td><\/td><td><\/td><td><\/td><\/tr><tr><td><strong>KOHDE<\/strong><\/td><td><strong>TILAAJA<\/strong><\/td><td><strong>KUVAUS ELEMENTEIST\u00c4<\/strong><\/td><td><strong>NELI\u00d6M\u00c4\u00c4R\u00c4<\/strong><\/td><\/tr><tr><td>Levysep\u00e4nkadun senioritalo<\/td><td>Astora-Rakennus Oy<\/td><td>V\u00e4lisein\u00e4t, parvekkeet ja erikoiselementit<\/td><td>2100<\/td><\/tr><tr><td>As Oy Kuopion Lehtori<\/td><td>YIT-Savo<\/td><td>Julkisivut ja parvekkeet<\/td><td>2000<\/td><\/tr><tr><td>As Oy Kuopion Tohtori<\/td><td>YIT-Savo<\/td><td>Julkisivut ja parvekkeet<\/td><td>2000<\/td><\/tr><tr><td>As Oy Nokian Fabriikki<\/td><td>Tikirak Oy<\/td><td>Kokonaistoimitus<\/td><td>4300<\/td><\/tr><tr><td>Pirkkalan Soljan H\u00f6yry<\/td><td>Tikirak Oy<\/td><td>Kokonaistoimitus<\/td><td>3200<\/td><\/tr><tr><td>As Oy Vuoreksen Takamaanrinne<\/td><td>Tikirak Oy<\/td><td>Kokonaistoimitus<\/td><td>3500<\/td><\/tr><tr><td>As Oy Veturimies<\/td><td>YIT-Housing Oy<\/td><td>Kokonaistoimitus<\/td><td>1400<\/td><\/tr><tr><td>As Oy Tampereen T\u00e4htitorni<\/td><td>YIT-Rakennus Oy, Tampere<\/td><td>Kokonaistoimitus<\/td><td>4000<\/td><\/tr><\/tbody><\/table><\/figure>\n","protected":false},"excerpt":{"rendered":"<p>REFERENSSILUETTELO KOHDE TILAAJA KUVAUS ELEMENTEIST\u00c4 NELI\u00d6M\u00c4\u00c4R\u00c4 Levysep\u00e4nkadun senioritalo Astora-Rakennus Oy V\u00e4lisein\u00e4t, parvekkeet ja erikoiselementit 2100 As Oy Kuopion Lehtori YIT-Savo Julkisivut ja parvekkeet 2000 As Oy Kuopion Tohtori YIT-Savo Julkisivut ja parvekkeet 2000 As Oy Nokian Fabriikki Tikirak Oy Kokonaistoimitus 4300 Pirkkalan Soljan H\u00f6yry Tikirak Oy Kokonaistoimitus 3200 As Oy Vuoreksen Takamaanrinne Tikirak Oy Kokonaistoimitus<\/p><\/div>\n<div class=\"blog-btn\"><a href=\"https:\/\/www.elebet.fi\/?page_id=652\" class=\"home-blog-btn\">Lue lis\u00e4\u00e4<\/a><\/p>\n","protected":false},"author":1,"featured_media":0,"parent":0,"menu_order":0,"comment_status":"closed","ping_status":"closed","template":"","meta":{"footnotes":""},"class_list":["post-652","page","type-page","status-publish","hentry"],"_links":{"self":[{"href":"https:\/\/www.elebet.fi\/index.php?rest_route=\/wp\/v2\/pages\/652","targetHints":{"allow":["GET"]}}],"collection":[{"href":"https:\/\/www.elebet.fi\/index.php?rest_route=\/wp\/v2\/pages"}],"about":[{"href":"https:\/\/www.elebet.fi\/index.php?rest_route=\/wp\/v2\/types\/page"}],"author":[{"embeddable":true,"href":"https:\/\/www.elebet.fi\/index.php?rest_route=\/wp\/v2\/users\/1"}],"replies":[{"embeddable":true,"href":"https:\/\/www.elebet.fi\/index.php?rest_route=%2Fwp%2Fv2%2Fcomments&post=652"}],"version-history":[{"count":2,"href":"https:\/\/www.elebet.fi\/index.php?rest_route=\/wp\/v2\/pages\/652\/revisions"}],"predecessor-version":[{"id":656,"href":"https:\/\/www.elebet.fi\/index.php?rest_route=\/wp\/v2\/pages\/652\/revisions\/656"}],"wp:attachment":[{"href":"https:\/\/www.elebet.fi\/index.php?rest_route=%2Fwp%2Fv2%2Fmedia&parent=652"}],"curies":[{"name":"wp","href":"https:\/\/api.w.org\/{rel}","templated":true}]}}