{"id":658,"date":"2025-03-06T10:26:51","date_gmt":"2025-03-06T08:26:51","guid":{"rendered":"https:\/\/www.elebet.fi\/?page_id=658"},"modified":"2025-03-06T10:26:51","modified_gmt":"2025-03-06T08:26:51","slug":"2018-2-2-3","status":"publish","type":"page","link":"https:\/\/www.elebet.fi\/?page_id=658","title":{"rendered":"2021"},"content":{"rendered":"\n<figure class=\"wp-block-table is-style-stripes\"><table><tbody><tr><td><strong>REFERENSSILUETTELO<\/strong><\/td><td><\/td><td><\/td><td><\/td><\/tr><tr><td><\/td><td><\/td><td><\/td><td><\/td><\/tr><tr><td><\/td><td><\/td><td><\/td><td><\/td><\/tr><tr><td><strong>KOHDE<\/strong><\/td><td><strong>TILAAJA<\/strong><\/td><td><strong>KUVAUS ELEMENTEIST\u00c4<\/strong><\/td><td><strong>NELI\u00d6M\u00c4\u00c4R\u00c4<\/strong><\/td><\/tr><tr><td>ABC Carwash Saham\u00e4ki<\/td><td>Astora-Rakennus Oy<\/td><td>Julkisivut<\/td><td>50<\/td><\/tr><tr><td>A-Kruunu Oy Lehtoniementie<\/td><td>YIT Savo<\/td><td>Kokonaistoimitus<\/td><td>2500<\/td><\/tr><tr><td>H\u00e4rm\u00e4l\u00e4nsyd\u00e4n<\/td><td>Tikirak Oy<\/td><td>V\u00e4lisein\u00e4t, sokkelit ja pilarit<\/td><td>700<\/td><\/tr><tr><td>Misukankuja 3<\/td><td>BRAND Toimitilat Oy<\/td><td>Julkisivut<\/td><td>120<\/td><\/tr><tr><td>Naulakallio 3<\/td><td>Astora-Rakennus Oy<\/td><td>Sokkelit ja erikoiselementit<\/td><td>370<\/td><\/tr><tr><td>Sadex Tampere<\/td><td>BRAND Toimitilat Oy<\/td><td>Julkisivut<\/td><td>150<\/td><\/tr><tr><td>S-Market Saham\u00e4ki<\/td><td>Astora-Rakennus Oy<\/td><td>Sokkelit<\/td><td><\/td><\/tr><tr><td>Tehdaskatu 24 B, Kuopio<\/td><td>Savon Rakentajat Oy<\/td><td>Kokonaistoimitus<\/td><td>1500<\/td><\/tr><tr><td>As Oy Tampereen Valkotakki<\/td><td>Tikirak Oy<\/td><td>Kokonaistoimitus<\/td><td>3000<\/td><\/tr><tr><td>TOAS Lumipuu A+B<\/td><td>Tikirak Oy<\/td><td>Kokonaistoimitus (+graafinen erikoiselementti) <\/td><td>825<\/td><\/tr><tr><td>As Oy Kuopion M\u00e4kihypp\u00e4\u00e4j\u00e4<\/td><td>YIT Savo<\/td><td>Kokonaistoimitus<\/td><td>3000<\/td><\/tr><tr><td>As Oy M\u00e4kihypp\u00e4\u00e4j\u00e4 Autohalli &amp; TA-asumisoikeus<\/td><td>YIT Savo<\/td><td>Kokonaistoimitus<\/td><td>1300<\/td><\/tr><\/tbody><\/table><\/figure>\n","protected":false},"excerpt":{"rendered":"<p>REFERENSSILUETTELO KOHDE TILAAJA KUVAUS ELEMENTEIST\u00c4 NELI\u00d6M\u00c4\u00c4R\u00c4 ABC Carwash Saham\u00e4ki Astora-Rakennus Oy Julkisivut 50 A-Kruunu Oy Lehtoniementie YIT Savo Kokonaistoimitus 2500 H\u00e4rm\u00e4l\u00e4nsyd\u00e4n Tikirak Oy V\u00e4lisein\u00e4t, sokkelit ja pilarit 700 Misukankuja 3 BRAND Toimitilat Oy Julkisivut 120 Naulakallio 3 Astora-Rakennus Oy Sokkelit ja erikoiselementit 370 Sadex Tampere BRAND Toimitilat Oy Julkisivut 150 S-Market Saham\u00e4ki Astora-Rakennus Oy Sokkelit<\/p><\/div>\n<div class=\"blog-btn\"><a href=\"https:\/\/www.elebet.fi\/?page_id=658\" class=\"home-blog-btn\">Lue lis\u00e4\u00e4<\/a><\/p>\n","protected":false},"author":1,"featured_media":0,"parent":0,"menu_order":0,"comment_status":"closed","ping_status":"closed","template":"","meta":{"footnotes":""},"class_list":["post-658","page","type-page","status-publish","hentry"],"_links":{"self":[{"href":"https:\/\/www.elebet.fi\/index.php?rest_route=\/wp\/v2\/pages\/658","targetHints":{"allow":["GET"]}}],"collection":[{"href":"https:\/\/www.elebet.fi\/index.php?rest_route=\/wp\/v2\/pages"}],"about":[{"href":"https:\/\/www.elebet.fi\/index.php?rest_route=\/wp\/v2\/types\/page"}],"author":[{"embeddable":true,"href":"https:\/\/www.elebet.fi\/index.php?rest_route=\/wp\/v2\/users\/1"}],"replies":[{"embeddable":true,"href":"https:\/\/www.elebet.fi\/index.php?rest_route=%2Fwp%2Fv2%2Fcomments&post=658"}],"version-history":[{"count":1,"href":"https:\/\/www.elebet.fi\/index.php?rest_route=\/wp\/v2\/pages\/658\/revisions"}],"predecessor-version":[{"id":659,"href":"https:\/\/www.elebet.fi\/index.php?rest_route=\/wp\/v2\/pages\/658\/revisions\/659"}],"wp:attachment":[{"href":"https:\/\/www.elebet.fi\/index.php?rest_route=%2Fwp%2Fv2%2Fmedia&parent=658"}],"curies":[{"name":"wp","href":"https:\/\/api.w.org\/{rel}","templated":true}]}}