{"id":663,"date":"2025-03-06T11:50:28","date_gmt":"2025-03-06T09:50:28","guid":{"rendered":"https:\/\/www.elebet.fi\/?page_id=663"},"modified":"2025-03-06T11:50:28","modified_gmt":"2025-03-06T09:50:28","slug":"2018-2-2-3-2","status":"publish","type":"page","link":"https:\/\/www.elebet.fi\/?page_id=663","title":{"rendered":"2022"},"content":{"rendered":"\n<figure class=\"wp-block-table is-style-stripes\"><table><tbody><tr><td><strong>REFERENSSILUETTELO<\/strong><\/td><td><\/td><td><\/td><td><\/td><\/tr><tr><td><\/td><td><\/td><td><\/td><td><\/td><\/tr><tr><td><\/td><td><\/td><td><\/td><td><\/td><\/tr><tr><td><strong>KOHDE<\/strong><\/td><td><strong>TILAAJA<\/strong><\/td><td><strong>KUVAUS ELEMENTEIST\u00c4<\/strong><\/td><td><strong>NELI\u00d6M\u00c4\u00c4R\u00c4<\/strong><\/td><\/tr><tr><td>As Oy Tampereen Augustus<\/td><td>Tikirak Oy<\/td><td>Kokonaistoimitus<\/td><td>6100<\/td><\/tr><tr><td>Orvokkikujan Hoivakoti<\/td><td>Tikirak Oy<\/td><td>Kokonaistoimitus<\/td><td>4300<\/td><\/tr><tr><td>K.Oy Piilipuunkatu 1-3<\/td><td>Rakennusurakointi S- Tikakoski Oy<\/td><td>Sokkelit<\/td><td>240<\/td><\/tr><tr><td>Tammelan Stadion<\/td><td>Pohjola-Rakennus Oy Suomi<\/td><td>Sokkelit, Julkisivut ja pilarit<\/td><td>2000<\/td><\/tr><tr><td>Biltema Pori<\/td><td>Astora-Rakennus Oy<\/td><td>Sokkelit ja v\u00e4lisein\u00e4t<\/td><td>1150<\/td><\/tr><tr><td>S-Market Myllyhaka<\/td><td>Rakennustoimisto HATO Oy<\/td><td>Sokkelit<\/td><td>100<\/td><\/tr><tr><td>Soljan Sinfonia<\/td><td>Tikirak Oy<\/td><td>Kokonaistoimitus<\/td><td>5400<\/td><\/tr><tr><td>As Oy Tampereen Caesar<\/td><td>Tikirak Oy<\/td><td>Kokonaistoimitus<\/td><td>4800<\/td><\/tr><tr><td>K.Oy Soljan Parkki<\/td><td>Tikirak Oy<\/td><td>V\u00e4lisein\u00e4t ja erikoiselementit<\/td><td>420<\/td><\/tr><tr><td>Soljan Serenadi<\/td><td>Tikirak Oy<\/td><td>Kokonaistoimitus<\/td><td>3700<\/td><\/tr><tr><td>As Oy Soljan Veturi<\/td><td>Tikirak Oy<\/td><td>Kokonaistoimitus<\/td><td>3100<\/td><\/tr><\/tbody><\/table><\/figure>\n","protected":false},"excerpt":{"rendered":"<p>REFERENSSILUETTELO KOHDE TILAAJA KUVAUS ELEMENTEIST\u00c4 NELI\u00d6M\u00c4\u00c4R\u00c4 As Oy Tampereen Augustus Tikirak Oy Kokonaistoimitus 6100 Orvokkikujan Hoivakoti Tikirak Oy Kokonaistoimitus 4300 K.Oy Piilipuunkatu 1-3 Rakennusurakointi S- Tikakoski Oy Sokkelit 240 Tammelan Stadion Pohjola-Rakennus Oy Suomi Sokkelit, Julkisivut ja pilarit 2000 Biltema Pori Astora-Rakennus Oy Sokkelit ja v\u00e4lisein\u00e4t 1150 S-Market Myllyhaka Rakennustoimisto HATO Oy Sokkelit 100 Soljan<\/p><\/div>\n<div class=\"blog-btn\"><a href=\"https:\/\/www.elebet.fi\/?page_id=663\" class=\"home-blog-btn\">Lue lis\u00e4\u00e4<\/a><\/p>\n","protected":false},"author":1,"featured_media":0,"parent":0,"menu_order":0,"comment_status":"closed","ping_status":"closed","template":"","meta":{"footnotes":""},"class_list":["post-663","page","type-page","status-publish","hentry"],"_links":{"self":[{"href":"https:\/\/www.elebet.fi\/index.php?rest_route=\/wp\/v2\/pages\/663","targetHints":{"allow":["GET"]}}],"collection":[{"href":"https:\/\/www.elebet.fi\/index.php?rest_route=\/wp\/v2\/pages"}],"about":[{"href":"https:\/\/www.elebet.fi\/index.php?rest_route=\/wp\/v2\/types\/page"}],"author":[{"embeddable":true,"href":"https:\/\/www.elebet.fi\/index.php?rest_route=\/wp\/v2\/users\/1"}],"replies":[{"embeddable":true,"href":"https:\/\/www.elebet.fi\/index.php?rest_route=%2Fwp%2Fv2%2Fcomments&post=663"}],"version-history":[{"count":1,"href":"https:\/\/www.elebet.fi\/index.php?rest_route=\/wp\/v2\/pages\/663\/revisions"}],"predecessor-version":[{"id":664,"href":"https:\/\/www.elebet.fi\/index.php?rest_route=\/wp\/v2\/pages\/663\/revisions\/664"}],"wp:attachment":[{"href":"https:\/\/www.elebet.fi\/index.php?rest_route=%2Fwp%2Fv2%2Fmedia&parent=663"}],"curies":[{"name":"wp","href":"https:\/\/api.w.org\/{rel}","templated":true}]}}