{"id":666,"date":"2025-03-06T12:24:01","date_gmt":"2025-03-06T10:24:01","guid":{"rendered":"https:\/\/www.elebet.fi\/?page_id=666"},"modified":"2025-03-06T12:24:01","modified_gmt":"2025-03-06T10:24:01","slug":"2018-2-2-3-2-2","status":"publish","type":"page","link":"https:\/\/www.elebet.fi\/?page_id=666","title":{"rendered":"2023"},"content":{"rendered":"\n<figure class=\"wp-block-table is-style-stripes\"><table><tbody><tr><td><strong>REFERENSSILUETTELO<\/strong><\/td><td><\/td><td><\/td><td><\/td><\/tr><tr><td><\/td><td><\/td><td><\/td><td><\/td><\/tr><tr><td><\/td><td><\/td><td><\/td><td><\/td><\/tr><tr><td><strong>KOHDE<\/strong><\/td><td><strong>TILAAJA<\/strong><\/td><td><strong>KUVAUS ELEMENTEIST\u00c4<\/strong><\/td><td><strong>NELI\u00d6M\u00c4\u00c4R\u00c4<\/strong><\/td><\/tr><tr><td>Kolmirannan s\u00e4hk\u00f6asema<\/td><td>Anfra Oy<\/td><td>Sokkelit ja pilarit<\/td><td>200<\/td><\/tr><tr><td>Biltema Kangasala<\/td><td>Astora-Rakennus Oy<\/td><td>Kokonaistoimitus<\/td><td>1600<\/td><\/tr><tr><td>Metallialan koulutusrakennus Sataedu Ulvila<\/td><td>Astora-Rakennus Oy<\/td><td>Kokonaistoimitus<\/td><td>700<\/td><\/tr><tr><td>Vatajankoski Pesurilaitos Kankaanp\u00e4\u00e4<\/td><td>Astora-Rakennus Oy<\/td><td>Sokkelit<\/td><td>100<\/td><\/tr><tr><td>Heittoniitynkuja 2 A + B<\/td><td>Jatke Pirkanmaa Oy<\/td><td>Julkisivut<\/td><td>4500<\/td><\/tr><tr><td>Lidl Akaa<\/td><td>Jatke Pirkanmaa Oy<\/td><td>Sokkelit ja v\u00e4lisein\u00e4t<\/td><td>350<\/td><\/tr><tr><td>Tampereen Kotilinnas\u00e4\u00e4ti\u00f6 sr. Niemenranta<\/td><td>Jatke Pirkanmaa<\/td><td>Julkisivut, parvekkeet ja erikoiselementit<\/td><td>1700<\/td><\/tr><tr><td>Nuijatie B-E<\/td><td>Jatke Pirkanmaa<\/td><td>V\u00e4rilliset julkisivut<\/td><td>5300<\/td><\/tr><tr><td>Tikkutehtaanrinne 5<\/td><td>Mangrove Oy<\/td><td>Kokonaistoimitus<\/td><td>3600<\/td><\/tr><tr><td>As Oy Turun Harppuunan Kippari<\/td><td>Mangrove Oy<\/td><td>Kokonaistoimitus<\/td><td>8700<\/td><\/tr><tr><td>K-Supermarket Sinkokatu<\/td><td>MVR-Yhtym\u00e4<\/td><td>Sokkelit<\/td><td>350<\/td><\/tr><tr><td>Puustelli laajennus Harjavalta<\/td><td>MVR-Yhtym\u00e4<\/td><td>Sokkelit<\/td><td>60<\/td><\/tr><tr><td>RKW Painov\u00e4rivarasto<\/td><td>Ruoppaus P. Suominen Oy<\/td><td>Julkisivut ja v\u00e4lisein\u00e4t<\/td><td>700<\/td><\/tr><tr><td>Veikko Lehti Oy, Hangassuo<\/td><td>Ruoppaus P. Suominen Oy<\/td><td>Sokkelit<\/td><td>130<\/td><\/tr><tr><td>Pohjois-Porin monitoimitalo<\/td><td>Skanska Talonrakennus<\/td><td>Julkisivut, v\u00e4lisein\u00e4t ja erikoiselementit<\/td><td>2200<\/td><\/tr><tr><td>Lasimestarinkatu 8<\/td><td>Tikirak Oy<\/td><td>Kokonaistoimitus<\/td><td>5600<\/td><\/tr><tr><td>Ranta-Tampellan Koonta-asema<\/td><td>Tikirak Oy<\/td><td>Kuoret, V\u00e4lisein\u00e4t ja pilarit<\/td><td>350<\/td><\/tr><tr><td>Palvelutalo Hiukkavaara<\/td><td>Vestera Oy<\/td><td>Kokonaistoimitus<\/td><td>2000<\/td><\/tr><tr><td>As Oy Tinankulma<\/td><td>YIT Housing Oy<\/td><td>Julkisivut ja parvekkeet<\/td><td>900<\/td><\/tr><tr><td>As Oy Tinanpuisto<\/td><td>YIT Housing Oy<\/td><td>Julkisivut ja parvekkeet<\/td><td>600<\/td><\/tr><\/tbody><\/table><\/figure>\n","protected":false},"excerpt":{"rendered":"<p>REFERENSSILUETTELO KOHDE TILAAJA KUVAUS ELEMENTEIST\u00c4 NELI\u00d6M\u00c4\u00c4R\u00c4 Kolmirannan s\u00e4hk\u00f6asema Anfra Oy Sokkelit ja pilarit 200 Biltema Kangasala Astora-Rakennus Oy Kokonaistoimitus 1600 Metallialan koulutusrakennus Sataedu Ulvila Astora-Rakennus Oy Kokonaistoimitus 700 Vatajankoski Pesurilaitos Kankaanp\u00e4\u00e4 Astora-Rakennus Oy Sokkelit 100 Heittoniitynkuja 2 A + B Jatke Pirkanmaa Oy Julkisivut 4500 Lidl Akaa Jatke Pirkanmaa Oy Sokkelit ja v\u00e4lisein\u00e4t 350 Tampereen<\/p><\/div>\n<div class=\"blog-btn\"><a href=\"https:\/\/www.elebet.fi\/?page_id=666\" class=\"home-blog-btn\">Lue lis\u00e4\u00e4<\/a><\/p>\n","protected":false},"author":1,"featured_media":0,"parent":0,"menu_order":0,"comment_status":"closed","ping_status":"closed","template":"","meta":{"footnotes":""},"class_list":["post-666","page","type-page","status-publish","hentry"],"_links":{"self":[{"href":"https:\/\/www.elebet.fi\/index.php?rest_route=\/wp\/v2\/pages\/666","targetHints":{"allow":["GET"]}}],"collection":[{"href":"https:\/\/www.elebet.fi\/index.php?rest_route=\/wp\/v2\/pages"}],"about":[{"href":"https:\/\/www.elebet.fi\/index.php?rest_route=\/wp\/v2\/types\/page"}],"author":[{"embeddable":true,"href":"https:\/\/www.elebet.fi\/index.php?rest_route=\/wp\/v2\/users\/1"}],"replies":[{"embeddable":true,"href":"https:\/\/www.elebet.fi\/index.php?rest_route=%2Fwp%2Fv2%2Fcomments&post=666"}],"version-history":[{"count":1,"href":"https:\/\/www.elebet.fi\/index.php?rest_route=\/wp\/v2\/pages\/666\/revisions"}],"predecessor-version":[{"id":667,"href":"https:\/\/www.elebet.fi\/index.php?rest_route=\/wp\/v2\/pages\/666\/revisions\/667"}],"wp:attachment":[{"href":"https:\/\/www.elebet.fi\/index.php?rest_route=%2Fwp%2Fv2%2Fmedia&parent=666"}],"curies":[{"name":"wp","href":"https:\/\/api.w.org\/{rel}","templated":true}]}}