{"id":669,"date":"2025-03-06T12:55:58","date_gmt":"2025-03-06T10:55:58","guid":{"rendered":"https:\/\/www.elebet.fi\/?page_id=669"},"modified":"2025-03-06T12:55:58","modified_gmt":"2025-03-06T10:55:58","slug":"2018-2-2-3-2-2-2","status":"publish","type":"page","link":"https:\/\/www.elebet.fi\/?page_id=669","title":{"rendered":"2024"},"content":{"rendered":"\n<figure class=\"wp-block-table is-style-stripes\"><table><tbody><tr><td><strong>REFERENSSILUETTELO<\/strong><\/td><td><\/td><td><\/td><td><\/td><\/tr><tr><td><\/td><td><\/td><td><\/td><td><\/td><\/tr><tr><td><\/td><td><\/td><td><\/td><td><\/td><\/tr><tr><td><strong>KOHDE<\/strong><\/td><td><strong>TILAAJA<\/strong><\/td><td><strong>KUVAUS ELEMENTEIST\u00c4<\/strong><\/td><td><strong>NELI\u00d6M\u00c4\u00c4R\u00c4<\/strong><\/td><\/tr><tr><td>Sylv\u00e4\u00e4n Taitotalo<\/td><td>Astora-Rakennus Oy<\/td><td>Kokonaistoimitus<\/td><td>2700<\/td><\/tr><tr><td>As Oy Espoon Kellovasara<\/td><td>Jatke uusimaa Oy<\/td><td>Kokonaistoimitus<\/td><td>4300<\/td><\/tr><tr><td>Tampereen Tieteen Parkki<\/td><td>YIT Rakennus Oy, Tampere<\/td><td>V\u00e4rilliset julkisivukuoret<\/td><td>600<\/td><\/tr><tr><td>Insta M-rakennus<\/td><td>Jatke Pirkanmaa Oy<\/td><td>Kokonaistoimitus<\/td><td>1400<\/td><\/tr><tr><td>Raholan Radanvarsi Armas<\/td><td>Jatke Pirkanmaa Oy<\/td><td>Julkisivut<\/td><td>2900<\/td><\/tr><tr><td>SKiB Kampus<\/td><td>MVR-Yhtym\u00e4<\/td><td>Kokonaistoimitus<\/td><td>2100<\/td><\/tr><tr><td>TA-Asumisoikeus Blominkatu<\/td><td>Peab Oy<\/td><td>Julkisivut<\/td><td>2700<\/td><\/tr><tr><td>Tahko Sky<\/td><td>RP-Karmi Oy<\/td><td>Kokonaistoimitus<\/td><td>1700<\/td><\/tr><tr><td>W\u00fcrth Pori<\/td><td>Ruoppaus P. Suominen Oy<\/td><td>Sokkelit<\/td><td>180<\/td><\/tr><tr><td>Finnamyl Booster<\/td><td>Ruoppaus P. Suominen Oy<\/td><td>Sokkelit<\/td><td>50<\/td><\/tr><tr><td>Metso Testilaitos<\/td><td>Ruoppaus P. Suominen Oy<\/td><td>Sokkelit ja v\u00e4lisein\u00e4t<\/td><td>125<\/td><\/tr><tr><td>As Oy Hervantaj\u00e4rven Havu<\/td><td>Tikirak Oy<\/td><td>Kokonaistoimitus<\/td><td>3410<\/td><\/tr><tr><td>Lasimestarinkatu 7<\/td><td>Tikirak Oy<\/td><td>Kokonaistoimitus<\/td><td>4600<\/td><\/tr><tr><td>As Oy Kappelitie 1<\/td><td>YIT Housing Oy<\/td><td>Kokonaistoimitus<\/td><td>2650<\/td><\/tr><tr><td>As Oy Valonkajo<\/td><td>YIT Housing Oy<\/td><td>Kokonaistoimitus<\/td><td>2350<\/td><\/tr><tr><td>As Oy Tampereen Otavallanhovi<\/td><td>YIT Housing Oy<\/td><td>Julkisivut ja parvekkeet<\/td><td>2100<\/td><\/tr><tr><td>Tampereen virastotalon laajennus<\/td><td>YTI-Business Premises Oy<\/td><td>V\u00e4lisein\u00e4t ja erikoiselementit<\/td><td>1600<\/td><\/tr><\/tbody><\/table><\/figure>\n","protected":false},"excerpt":{"rendered":"<p>REFERENSSILUETTELO KOHDE TILAAJA KUVAUS ELEMENTEIST\u00c4 NELI\u00d6M\u00c4\u00c4R\u00c4 Sylv\u00e4\u00e4n Taitotalo Astora-Rakennus Oy Kokonaistoimitus 2700 As Oy Espoon Kellovasara Jatke uusimaa Oy Kokonaistoimitus 4300 Tampereen Tieteen Parkki YIT Rakennus Oy, Tampere V\u00e4rilliset julkisivukuoret 600 Insta M-rakennus Jatke Pirkanmaa Oy Kokonaistoimitus 1400 Raholan Radanvarsi Armas Jatke Pirkanmaa Oy Julkisivut 2900 SKiB Kampus MVR-Yhtym\u00e4 Kokonaistoimitus 2100 TA-Asumisoikeus Blominkatu Peab Oy<\/p><\/div>\n<div class=\"blog-btn\"><a href=\"https:\/\/www.elebet.fi\/?page_id=669\" class=\"home-blog-btn\">Lue lis\u00e4\u00e4<\/a><\/p>\n","protected":false},"author":1,"featured_media":0,"parent":0,"menu_order":0,"comment_status":"closed","ping_status":"closed","template":"","meta":{"footnotes":""},"class_list":["post-669","page","type-page","status-publish","hentry"],"_links":{"self":[{"href":"https:\/\/www.elebet.fi\/index.php?rest_route=\/wp\/v2\/pages\/669","targetHints":{"allow":["GET"]}}],"collection":[{"href":"https:\/\/www.elebet.fi\/index.php?rest_route=\/wp\/v2\/pages"}],"about":[{"href":"https:\/\/www.elebet.fi\/index.php?rest_route=\/wp\/v2\/types\/page"}],"author":[{"embeddable":true,"href":"https:\/\/www.elebet.fi\/index.php?rest_route=\/wp\/v2\/users\/1"}],"replies":[{"embeddable":true,"href":"https:\/\/www.elebet.fi\/index.php?rest_route=%2Fwp%2Fv2%2Fcomments&post=669"}],"version-history":[{"count":1,"href":"https:\/\/www.elebet.fi\/index.php?rest_route=\/wp\/v2\/pages\/669\/revisions"}],"predecessor-version":[{"id":670,"href":"https:\/\/www.elebet.fi\/index.php?rest_route=\/wp\/v2\/pages\/669\/revisions\/670"}],"wp:attachment":[{"href":"https:\/\/www.elebet.fi\/index.php?rest_route=%2Fwp%2Fv2%2Fmedia&parent=669"}],"curies":[{"name":"wp","href":"https:\/\/api.w.org\/{rel}","templated":true}]}}