{"id":73,"date":"2015-03-26T08:50:19","date_gmt":"2015-03-26T06:50:19","guid":{"rendered":"http:\/\/www.elebet.fi\/wp\/?page_id=73"},"modified":"2024-01-24T09:50:50","modified_gmt":"2024-01-24T07:50:50","slug":"2012-2","status":"publish","type":"page","link":"https:\/\/www.elebet.fi\/?page_id=73","title":{"rendered":"2012"},"content":{"rendered":"\n<figure class=\"wp-block-table is-style-stripes\"><table><tbody><tr><td><span style=\"text-decoration: underline;\"><strong>REFERENSSILUETTELO<\/strong><\/span><\/td><td><\/td><td><\/td><td><\/td><\/tr><tr><td colspan=\"2\"><strong>Tuotettuja elementtej\u00e4 yhteens\u00e4 22 271 m\u00b2<\/strong><\/td><td><\/td><td><\/td><\/tr><tr><td><\/td><td><\/td><td><\/td><td><\/td><\/tr><tr><td><strong>KOHDE<\/strong><\/td><td><strong>TILAAJA<\/strong><\/td><td><strong>KUVAUS ELEMENTEIST\u00c4<\/strong><\/td><td><strong>NELI\u00d6M\u00c4\u00c4R\u00c4<\/strong><\/td><\/tr><tr><td>Tampereen Tutkijankatu 3<\/td><td>YIT-Rakennus Oy \/Tre<\/td><td>julkisivut, kuorielementit, sokkelit, parvekelaatat ja parvekepielet, massiivilaatat, pilarit, hissikuppi<\/td><td>2 183<\/td><\/tr><tr><td>Tampereen Tutkijankatu 5<\/td><td>YIT-Rakennus Oy \/Tre<\/td><td>julkisivut, kuorielementit, sokkelit, parvekelaatat ja parvekepielet, massiivilaatat, pilarit, hissikuppi<\/td><td>2 173<\/td><\/tr><tr><td>Porin Kommodori A<\/td><td>YIT-Rakennus Oy \/ Lounais-Suomi<\/td><td>julkisivukuoret, sis\u00e4kuorielementit, hissikuilut, sokkelit, parvekelaatat, massiivilaatat, parvekepielet<\/td><td>3 147<\/td><\/tr><tr><td>Porin Kommodori B<\/td><td>YIT-Rakennus Oy \/ Lounais- Suomi<\/td><td>julkisivukuoret, sis\u00e4kuorielementit, hissikuilut, sokkelit, parvekelaatat, massiivilaatat, parvekepielet<\/td><td>1 597<\/td><\/tr><tr><td>Vuorenpeikko<\/td><td>YIT-Rakennus Oy \/Tre<\/td><td>parvekelaatat<\/td><td>327<\/td><\/tr><tr><td>Meesakatu<\/td><td>YIT-Rakennus Oy \/Tre<\/td><td>sis\u00e4kuorielementit, sokkelit, parvekelaatat<\/td><td>1 715<\/td><\/tr><tr><td>Nurmij\u00e4rven Kaiholanpuisto<\/td><td>YIT-Rakennus Oy \/ Uusimaa<\/td><td>julkisivut, kuorielementit, parvekelaatat, parvekepielet<\/td><td>1 872<\/td><\/tr><tr><td>As Oy Nokian Harjun Sepp\u00e4<\/td><td>Rak. tsto Pohjola Oy<\/td><td>kaikki elementit<\/td><td>2 773<\/td><\/tr><tr><td>S\u00e4hk\u00f6nraitti 4<\/td><td>Aki Hyrkk\u00f6nen Oy<\/td><td>parvekelaatat, ja \u2013 pielet, pilarit<\/td><td>93<\/td><\/tr><tr><td>Talo Kanerva<\/td><td>Mikko Kanerva<\/td><td>sokkelit, julkisivut<\/td><td>183<\/td><\/tr><tr><td>Lokki A<\/td><td>Rak. tsto Pohjola Oy<\/td><td>kaikki elementit<\/td><td>1 920<\/td><\/tr><tr><td>Lokki B<\/td><td>Rak. tsto Pohjola Oy<\/td><td>kaikki elementit<\/td><td>1 830<\/td><\/tr><tr><td>As Oy Vammalan Leipurinpiha<\/td><td>Rak. Liike Minkkinen &amp; Ketola Oy<\/td><td>kaikki elementit<\/td><td>2 458<\/td><\/tr><\/tbody><\/table><\/figure>\n","protected":false},"excerpt":{"rendered":"<p>REFERENSSILUETTELO Tuotettuja elementtej\u00e4 yhteens\u00e4 22 271 m\u00b2 KOHDE TILAAJA KUVAUS ELEMENTEIST\u00c4 NELI\u00d6M\u00c4\u00c4R\u00c4 Tampereen Tutkijankatu 3 YIT-Rakennus Oy \/Tre julkisivut, kuorielementit, sokkelit, parvekelaatat ja parvekepielet, massiivilaatat, pilarit, hissikuppi 2 183 Tampereen Tutkijankatu 5 YIT-Rakennus Oy \/Tre julkisivut, kuorielementit, sokkelit, parvekelaatat ja parvekepielet, massiivilaatat, pilarit, hissikuppi 2 173 Porin Kommodori A YIT-Rakennus Oy \/ Lounais-Suomi julkisivukuoret, sis\u00e4kuorielementit,<\/p><\/div>\n<div class=\"blog-btn\"><a href=\"https:\/\/www.elebet.fi\/?page_id=73\" class=\"home-blog-btn\">Lue lis\u00e4\u00e4<\/a><\/p>\n","protected":false},"author":1,"featured_media":0,"parent":0,"menu_order":0,"comment_status":"closed","ping_status":"closed","template":"","meta":{"footnotes":""},"class_list":["post-73","page","type-page","status-publish","hentry"],"_links":{"self":[{"href":"https:\/\/www.elebet.fi\/index.php?rest_route=\/wp\/v2\/pages\/73","targetHints":{"allow":["GET"]}}],"collection":[{"href":"https:\/\/www.elebet.fi\/index.php?rest_route=\/wp\/v2\/pages"}],"about":[{"href":"https:\/\/www.elebet.fi\/index.php?rest_route=\/wp\/v2\/types\/page"}],"author":[{"embeddable":true,"href":"https:\/\/www.elebet.fi\/index.php?rest_route=\/wp\/v2\/users\/1"}],"replies":[{"embeddable":true,"href":"https:\/\/www.elebet.fi\/index.php?rest_route=%2Fwp%2Fv2%2Fcomments&post=73"}],"version-history":[{"count":18,"href":"https:\/\/www.elebet.fi\/index.php?rest_route=\/wp\/v2\/pages\/73\/revisions"}],"predecessor-version":[{"id":624,"href":"https:\/\/www.elebet.fi\/index.php?rest_route=\/wp\/v2\/pages\/73\/revisions\/624"}],"wp:attachment":[{"href":"https:\/\/www.elebet.fi\/index.php?rest_route=%2Fwp%2Fv2%2Fmedia&parent=73"}],"curies":[{"name":"wp","href":"https:\/\/api.w.org\/{rel}","templated":true}]}}