{"id":75,"date":"2015-03-26T08:50:48","date_gmt":"2015-03-26T06:50:48","guid":{"rendered":"http:\/\/www.elebet.fi\/wp\/?page_id=75"},"modified":"2024-01-24T09:51:25","modified_gmt":"2024-01-24T07:51:25","slug":"2013-2","status":"publish","type":"page","link":"https:\/\/www.elebet.fi\/?page_id=75","title":{"rendered":"2013"},"content":{"rendered":"\n<figure class=\"wp-block-table is-style-stripes\"><table><tbody><tr><td><span style=\"text-decoration: underline;\"><strong>REFERENSSILUETTELO<\/strong><\/span><\/td><td><strong>&nbsp;<\/strong><\/td><td><strong>&nbsp;<\/strong><\/td><td><strong>&nbsp;<\/strong><\/td><\/tr><tr><td colspan=\"2\"><strong>Tuotettuja elementtej\u00e4 yhteens\u00e4 29 941 m\u00b2<\/strong><\/td><td><\/td><td><\/td><\/tr><tr><td><\/td><td><\/td><td><\/td><td><\/td><\/tr><tr><td><strong>KOHDE<\/strong><\/td><td><strong>TILAAJA<\/strong><\/td><td><strong>KUVAUS ELEMENTEIST\u00c4<\/strong><\/td><td><strong>NELI\u00d6M\u00c4\u00c4R\u00c4<\/strong><\/td><\/tr><tr><td>Helsingin Rafael<\/td><td>YIT-Rakennus Oy \/ Uusimaa<\/td><td>sis\u00e4kuorielementit, parvekelaatat ja -pielet, pilarit<\/td><td>1 830<\/td><\/tr><tr><td>Proviisori Talo 1<\/td><td>YIT-Rakennus Oy \/ Uusimaa<\/td><td>sis\u00e4kuorielementit, kuorielementit, sokkelit, parvekelaatat ja pilarit<\/td><td>993<\/td><\/tr><tr><td>Proviisori Talo 2<\/td><td>YIT-Rakennus Oy \/ Uusimaa<\/td><td>sis\u00e4kuorielementit, kuorielementit, sokkelit, parvekelaatat ja pilarit<\/td><td>966<\/td><\/tr><tr><td>Porin Adjutantti<\/td><td>YIT-Rakennus Oy \/ Lounais-Suomi<\/td><td>sokkelit, sis\u00e4kuorielementit, kuorielementit, hissikuilut, parvekelaatat, massiivilaatat, parvekepielet, pilarit<\/td><td>1 808<\/td><\/tr><tr><td>Toas Paawola<\/td><td>Skanska \/ Tre<\/td><td>parvekelaatat, parvekepielet, pilarit<\/td><td>795<\/td><\/tr><tr><td>Seukunkulma<\/td><td>Rak.liike Minkkinen &amp; Ketola Oy<\/td><td>sokkelit, julkisivukuoret, v\u00e4lisein\u00e4t, julkisivut, pilarit, parvekelaatat, parvekepielet, massiivilaatat<\/td><td>1 983<\/td><\/tr><tr><td>Tampere Suites<\/td><td>YIT-Rakennus Oy \/ Tre<\/td><td>parvekkeet, sis\u00e4kuorielementit, kuorielementit<\/td><td>3 900<\/td><\/tr><tr><td>Pirkka 7 A, B, C<\/td><td>Rak. tsto Pohjola Oy<\/td><td>maanpainesein\u00e4t, sis\u00e4kuorielementit eristettyn\u00e4, v\u00e4lisein\u00e4t, parvekkeet, pilarit<\/td><td>10 590<\/td><\/tr><tr><td>Keskustorni<\/td><td>YIT-Rakennus Oy \/ Tre<\/td><td>parveke- ja massiivilaatat, pilarit<\/td><td>336<\/td><\/tr><tr><td>Viljami<\/td><td>YIT-Rakennus Oy \/ Tre<\/td><td>julkisivut, sokkelit, sis\u00e4kuoret, hissikuilu, massiivilaatat, palkit<\/td><td>2 582<\/td><\/tr><tr><td>Verneri<\/td><td>YIT-Rakennus Oy \/ Tre<\/td><td>sokkelit, sis\u00e4kuorielementit, massiivilaatat, palkit, julkisivukuoret<\/td><td>2 396<\/td><\/tr><tr><td>Kes\u00e4hein\u00e4<\/td><td>YIT-Rakennus Oy \/ Tre<\/td><td>sokkelit, parvekelaatat, pilarit, massiivilaatat, parvekepielet, julkisivut, hissikuilut<\/td><td>1 762<\/td><\/tr><\/tbody><\/table><\/figure>\n","protected":false},"excerpt":{"rendered":"<p>REFERENSSILUETTELO &nbsp; &nbsp; &nbsp; Tuotettuja elementtej\u00e4 yhteens\u00e4 29 941 m\u00b2 KOHDE TILAAJA KUVAUS ELEMENTEIST\u00c4 NELI\u00d6M\u00c4\u00c4R\u00c4 Helsingin Rafael YIT-Rakennus Oy \/ Uusimaa sis\u00e4kuorielementit, parvekelaatat ja -pielet, pilarit 1 830 Proviisori Talo 1 YIT-Rakennus Oy \/ Uusimaa sis\u00e4kuorielementit, kuorielementit, sokkelit, parvekelaatat ja pilarit 993 Proviisori Talo 2 YIT-Rakennus Oy \/ Uusimaa sis\u00e4kuorielementit, kuorielementit, sokkelit, parvekelaatat ja pilarit<\/p><\/div>\n<div class=\"blog-btn\"><a href=\"https:\/\/www.elebet.fi\/?page_id=75\" class=\"home-blog-btn\">Lue lis\u00e4\u00e4<\/a><\/p>\n","protected":false},"author":1,"featured_media":0,"parent":0,"menu_order":0,"comment_status":"closed","ping_status":"closed","template":"","meta":{"footnotes":""},"class_list":["post-75","page","type-page","status-publish","hentry"],"_links":{"self":[{"href":"https:\/\/www.elebet.fi\/index.php?rest_route=\/wp\/v2\/pages\/75","targetHints":{"allow":["GET"]}}],"collection":[{"href":"https:\/\/www.elebet.fi\/index.php?rest_route=\/wp\/v2\/pages"}],"about":[{"href":"https:\/\/www.elebet.fi\/index.php?rest_route=\/wp\/v2\/types\/page"}],"author":[{"embeddable":true,"href":"https:\/\/www.elebet.fi\/index.php?rest_route=\/wp\/v2\/users\/1"}],"replies":[{"embeddable":true,"href":"https:\/\/www.elebet.fi\/index.php?rest_route=%2Fwp%2Fv2%2Fcomments&post=75"}],"version-history":[{"count":8,"href":"https:\/\/www.elebet.fi\/index.php?rest_route=\/wp\/v2\/pages\/75\/revisions"}],"predecessor-version":[{"id":625,"href":"https:\/\/www.elebet.fi\/index.php?rest_route=\/wp\/v2\/pages\/75\/revisions\/625"}],"wp:attachment":[{"href":"https:\/\/www.elebet.fi\/index.php?rest_route=%2Fwp%2Fv2%2Fmedia&parent=75"}],"curies":[{"name":"wp","href":"https:\/\/api.w.org\/{rel}","templated":true}]}}