{"id":77,"date":"2015-03-26T08:51:02","date_gmt":"2015-03-26T06:51:02","guid":{"rendered":"http:\/\/www.elebet.fi\/wp\/?page_id=77"},"modified":"2024-01-24T09:48:02","modified_gmt":"2024-01-24T07:48:02","slug":"2014-2","status":"publish","type":"page","link":"https:\/\/www.elebet.fi\/?page_id=77","title":{"rendered":"2014"},"content":{"rendered":"\n<figure class=\"wp-block-table is-style-stripes\"><table><tbody><tr><td><span style=\"text-decoration: underline;\"><strong>REFERENSSILUETTELO<\/strong><\/span><\/td><td><\/td><td><\/td><td><\/td><\/tr><tr><td colspan=\"2\"><strong>Tuotettuja elementtej\u00e4 yhteens\u00e4 20 981 m\u00b2<\/strong><\/td><td><\/td><td><\/td><\/tr><tr><td><\/td><td><\/td><td><\/td><td><\/td><\/tr><tr><td><strong>KOHDE<\/strong><\/td><td><strong>TILAAJA<\/strong><\/td><td><strong>KUVAUS ELEMENTEIST\u00c4<\/strong><\/td><td><strong>NELI\u00d6M\u00c4\u00c4R\u00c4<\/strong><\/td><\/tr><tr><td>Lentolaituri<\/td><td>Skanska \/ Tre<\/td><td>julkisivukuoret, parvekepielet, parvekekaiteet, julkisivut, parvekelaatat<\/td><td>1 217<\/td><\/tr><tr><td>T\u00e4htikulma<\/td><td>YIT-Rakennus Oy \/ Pori<\/td><td>sokkelikuoret, julkisivut, hissikuilu, v\u00e4liseini\u00e4, parvekepielet, massiivilaatat, palkit<\/td><td>2 880<\/td><\/tr><tr><td>S\u00e4\u00e4st\u00f6kulma<\/td><td>Veljet M\u00e4kil\u00e4 Oy \/ Eurajoki<\/td><td>julkisivukuoret, parvekelaatat<\/td><td>910<\/td><\/tr><tr><td>Tutkijankatu 1<\/td><td>YIT-Rakennus Oy \/ Tre<\/td><td>julkisivut, kuorielementit, sokkelit, parvekelaatat, pilarit ja parvekepielet<\/td><td>2 850<\/td><\/tr><tr><td>Dialinna<\/td><td>MVR-Yhtym\u00e4 Oy<\/td><td>sokkelit, maanpainesein\u00e4t, sis\u00e4kuorielementit, v\u00e4lisein\u00e4t, parvekelaatat, massiivilaatat<\/td><td>4 590<\/td><\/tr><tr><td>Isom\u00e4en J\u00e4\u00e4halli I-vaihe<\/td><td>MVR-Yhtym\u00e4 Oy<\/td><td>sokkelit<\/td><td>146<\/td><\/tr><tr><td>Porin Kolibri<\/td><td>MVR-Yhtym\u00e4 Oy<\/td><td>sokkelit, julkisivut, v\u00e4lisein\u00e4t, parvekelaatat, massiivilaatat, pilarit<\/td><td><\/td><\/tr><tr><td>Mouhij\u00e4rven yhteiskoulu<\/td><td>Rakennus Oy Paanurakenne<\/td><td>sokkelit, julkisivut ja v\u00e4lisein\u00e4t<\/td><td>1 100<\/td><\/tr><tr><td>Naantalin Vesperi<\/td><td>Skanska \/ Turku<\/td><td>hissikuiluelementit<\/td><td><\/td><\/tr><tr><td>Turun Telakanportti<\/td><td>Skanska \/ Turku<\/td><td>hissikuiluelementit<\/td><td><\/td><\/tr><tr><td>V\u00e4in\u00f6l\u00e4n Hoivakoti<\/td><td>Hartela Oy \/ Pori<\/td><td>sis\u00e4kuori- ja v\u00e4lisein\u00e4elementit<\/td><td>1 100<\/td><\/tr><\/tbody><\/table><\/figure>\n","protected":false},"excerpt":{"rendered":"<p>REFERENSSILUETTELO Tuotettuja elementtej\u00e4 yhteens\u00e4 20 981 m\u00b2 KOHDE TILAAJA KUVAUS ELEMENTEIST\u00c4 NELI\u00d6M\u00c4\u00c4R\u00c4 Lentolaituri Skanska \/ Tre julkisivukuoret, parvekepielet, parvekekaiteet, julkisivut, parvekelaatat 1 217 T\u00e4htikulma YIT-Rakennus Oy \/ Pori sokkelikuoret, julkisivut, hissikuilu, v\u00e4liseini\u00e4, parvekepielet, massiivilaatat, palkit 2 880 S\u00e4\u00e4st\u00f6kulma Veljet M\u00e4kil\u00e4 Oy \/ Eurajoki julkisivukuoret, parvekelaatat 910 Tutkijankatu 1 YIT-Rakennus Oy \/ Tre julkisivut, kuorielementit, sokkelit,<\/p><\/div>\n<div class=\"blog-btn\"><a href=\"https:\/\/www.elebet.fi\/?page_id=77\" class=\"home-blog-btn\">Lue lis\u00e4\u00e4<\/a><\/p>\n","protected":false},"author":1,"featured_media":0,"parent":0,"menu_order":0,"comment_status":"closed","ping_status":"closed","template":"","meta":{"footnotes":""},"class_list":["post-77","page","type-page","status-publish","hentry"],"_links":{"self":[{"href":"https:\/\/www.elebet.fi\/index.php?rest_route=\/wp\/v2\/pages\/77","targetHints":{"allow":["GET"]}}],"collection":[{"href":"https:\/\/www.elebet.fi\/index.php?rest_route=\/wp\/v2\/pages"}],"about":[{"href":"https:\/\/www.elebet.fi\/index.php?rest_route=\/wp\/v2\/types\/page"}],"author":[{"embeddable":true,"href":"https:\/\/www.elebet.fi\/index.php?rest_route=\/wp\/v2\/users\/1"}],"replies":[{"embeddable":true,"href":"https:\/\/www.elebet.fi\/index.php?rest_route=%2Fwp%2Fv2%2Fcomments&post=77"}],"version-history":[{"count":8,"href":"https:\/\/www.elebet.fi\/index.php?rest_route=\/wp\/v2\/pages\/77\/revisions"}],"predecessor-version":[{"id":619,"href":"https:\/\/www.elebet.fi\/index.php?rest_route=\/wp\/v2\/pages\/77\/revisions\/619"}],"wp:attachment":[{"href":"https:\/\/www.elebet.fi\/index.php?rest_route=%2Fwp%2Fv2%2Fmedia&parent=77"}],"curies":[{"name":"wp","href":"https:\/\/api.w.org\/{rel}","templated":true}]}}