{"id":79,"date":"2015-03-26T08:51:16","date_gmt":"2015-03-26T06:51:16","guid":{"rendered":"http:\/\/www.elebet.fi\/wp\/?page_id=79"},"modified":"2024-01-24T09:52:02","modified_gmt":"2024-01-24T07:52:02","slug":"2015-2","status":"publish","type":"page","link":"https:\/\/www.elebet.fi\/?page_id=79","title":{"rendered":"2015"},"content":{"rendered":"\n<figure class=\"wp-block-table is-style-stripes\"><table><tbody><tr><td><span style=\"text-decoration: underline;\"><strong>REFERENSSILUETTELO<\/strong><\/span><\/td><td><\/td><td><\/td><td><\/td><\/tr><tr><td colspan=\"2\"><strong>Tuotettuja elementtej\u00e4 yhteens\u00e4 23 231 m\u00b2<\/strong><\/td><td><\/td><td><\/td><\/tr><tr><td><\/td><td><\/td><td><\/td><td><\/td><\/tr><tr><td><strong>KOHDE<\/strong><\/td><td><strong>TILAAJA<\/strong><\/td><td><strong>KUVAUS ELEMENTEIST\u00c4<\/strong><\/td><td><strong>NELI\u00d6M\u00c4\u00c4R\u00c4<\/strong><\/td><\/tr><tr><td>Kamreeri<\/td><td>YIT-Rakennus Oy \/ Tampere<\/td><td>Julkisivut<\/td><td>2 140<\/td><\/tr><tr><td>Wilhelm<\/td><td>YIT-Rakennus Oy \/ Tampere<\/td><td>Sokkelit, parvekelaatat<\/td><td>840<\/td><\/tr><tr><td>Karjarannan Senioritalo<\/td><td>Hartela Oy \/ Pori<\/td><td>Julkisivut<\/td><td>910<\/td><\/tr><tr><td>Isom\u00e4en J\u00e4\u00e4halli II-vaihe<\/td><td>MVR-Yhtym\u00e4 Oy<\/td><td>Julkisivut, v\u00e4lisein\u00e4t<\/td><td>530<\/td><\/tr><tr><td>As Oy Porin Ainotar<\/td><td>Lemmink\u00e4inen Talo Oy<\/td><td>Kokonaistoimitus<\/td><td>3 500<\/td><\/tr><tr><td>As Oy Tampereen Torinkulma<\/td><td>Visura Oy<\/td><td>Kokonaistoimitus<\/td><td>5 500<\/td><\/tr><tr><td>Kaarisillan koulu<\/td><td>MVR-Yhtym\u00e4 Pori<\/td><td>Kokonaistoimitus<\/td><td>2 640<\/td><\/tr><tr><td>Niemenrannan Kaskisavu<\/td><td>YIT-Rakennus Oy<\/td><td>Julkisivut<\/td><td>1 797<\/td><\/tr><tr><td>Niemenrannan T\u00e4hk\u00e4p\u00e4\u00e4<\/td><td>YIT-Rakennus Oy<\/td><td>Julkisivut<\/td><td>1 792<\/td><\/tr><tr><td>Niemenrannan Onnenkulta<\/td><td>YIT-Rakennus Oy<\/td><td>Julkisivut<\/td><td>1 792<\/td><\/tr><tr><td>Niemenrannan Virvatuli<\/td><td>YIT-Rakennus Oy<\/td><td>Julkisivut<\/td><td>1 790<\/td><\/tr><\/tbody><\/table><\/figure>\n","protected":false},"excerpt":{"rendered":"<p>REFERENSSILUETTELO Tuotettuja elementtej\u00e4 yhteens\u00e4 23 231 m\u00b2 KOHDE TILAAJA KUVAUS ELEMENTEIST\u00c4 NELI\u00d6M\u00c4\u00c4R\u00c4 Kamreeri YIT-Rakennus Oy \/ Tampere Julkisivut 2 140 Wilhelm YIT-Rakennus Oy \/ Tampere Sokkelit, parvekelaatat 840 Karjarannan Senioritalo Hartela Oy \/ Pori Julkisivut 910 Isom\u00e4en J\u00e4\u00e4halli II-vaihe MVR-Yhtym\u00e4 Oy Julkisivut, v\u00e4lisein\u00e4t 530 As Oy Porin Ainotar Lemmink\u00e4inen Talo Oy Kokonaistoimitus 3 500 As<\/p><\/div>\n<div class=\"blog-btn\"><a href=\"https:\/\/www.elebet.fi\/?page_id=79\" class=\"home-blog-btn\">Lue lis\u00e4\u00e4<\/a><\/p>\n","protected":false},"author":1,"featured_media":0,"parent":0,"menu_order":0,"comment_status":"closed","ping_status":"closed","template":"","meta":{"footnotes":""},"class_list":["post-79","page","type-page","status-publish","hentry"],"_links":{"self":[{"href":"https:\/\/www.elebet.fi\/index.php?rest_route=\/wp\/v2\/pages\/79","targetHints":{"allow":["GET"]}}],"collection":[{"href":"https:\/\/www.elebet.fi\/index.php?rest_route=\/wp\/v2\/pages"}],"about":[{"href":"https:\/\/www.elebet.fi\/index.php?rest_route=\/wp\/v2\/types\/page"}],"author":[{"embeddable":true,"href":"https:\/\/www.elebet.fi\/index.php?rest_route=\/wp\/v2\/users\/1"}],"replies":[{"embeddable":true,"href":"https:\/\/www.elebet.fi\/index.php?rest_route=%2Fwp%2Fv2%2Fcomments&post=79"}],"version-history":[{"count":13,"href":"https:\/\/www.elebet.fi\/index.php?rest_route=\/wp\/v2\/pages\/79\/revisions"}],"predecessor-version":[{"id":626,"href":"https:\/\/www.elebet.fi\/index.php?rest_route=\/wp\/v2\/pages\/79\/revisions\/626"}],"wp:attachment":[{"href":"https:\/\/www.elebet.fi\/index.php?rest_route=%2Fwp%2Fv2%2Fmedia&parent=79"}],"curies":[{"name":"wp","href":"https:\/\/api.w.org\/{rel}","templated":true}]}}